{"id":33214,"date":"2024-12-16T13:32:31","date_gmt":"2024-12-16T13:32:31","guid":{"rendered":"https:\/\/kasima.lt\/produktas\/sauer-danfoss-vairo-valdymo-blokas\/"},"modified":"2025-10-29T08:33:22","modified_gmt":"2025-10-29T08:33:22","slug":"sauer-danfoss-vairo-valdymo-blokas","status":"publish","type":"product","link":"https:\/\/kasima3.bcapps.lt\/lv\/produktas\/sauer-danfoss-vairo-valdymo-blokas\/","title":{"rendered":"Sauer-Danfoss hidraulisk\u0101s st\u016bres vad\u012bbas bloks"},"content":{"rendered":"<p>Lietots Sauer-Danfoss hidrauliskais st\u016bres vad\u012bbas bloks OSPC 200 ON 150-3008<br \/>Modelis Nr: OSPC 200 ON<br \/>Deta\u013cas numurs: 150-3008<br \/>Sauer-Danfoss Orbitrol (OSPC 200 ON) ir hidrauliskais st\u016bres vad\u012bbas bloks, ko izmanto celtniec\u012bbas un lauksaimniec\u012bbas tehnik\u0101. Tas nodro\u0161ina vienm\u0113r\u012bgu, prec\u012bzu un uzticamu st\u016bres vad\u012bbu, novirzot hidraulisko pl\u016bsmu uz st\u016bres cilindriem.<br \/>Ra\u017eot\u0101js: Sauer-Danfoss, pasaul\u0113 paz\u012bstams uz\u0146\u0113mums, kas specializ\u0113jas augstas kvalit\u0101tes hidraulisko un elektronisko komponentu ra\u017eo\u0161an\u0101 smagaj\u0101m iek\u0101rt\u0101m.<br \/>Parasti tiek izmantots traktoru, iekr\u0101v\u0113ju, iekr\u0101v\u0113ju un citu hidrauliski darbin\u0101mu transportl\u012bdzek\u013cu st\u016br\u0113\u0161anas sist\u0113m\u0101s.<br \/>\u012apa\u0161i piem\u0113rots ma\u0161\u012bn\u0101m, kur\u0101m nepiecie\u0161ams 200 cm\u00b3 pl\u016bsmas \u0101trums uz vienu apgriezienu, un hidrauliskaj\u0101m sist\u0113m\u0101m ar atv\u0113rtu centru.    <\/p>\n","protected":false},"excerpt":{"rendered":"<p>Cena bez PVN<\/p>\n<p>Ra\u017eot\u0101js: SAUER-DANFOSS<br \/>Modelis:AT16040039<br \/>Izsaukums: <a href=\"tel:+37060842988\">+37060842988<\/a><br \/>E-pasts: <a href=\"mailto:usedparts@kasima3.bcapps.lt\">usedparts@kasima3.bcapps.lt <\/a><\/p>\n","protected":false},"featured_media":33205,"template":"","meta":{"_et_pb_use_builder":"","_et_pb_old_content":"","_et_gb_content_width":""},"product_brand":[],"product_cat":[484,318,452],"product_tag":[],"class_list":{"0":"post-33214","1":"product","2":"type-product","3":"status-publish","4":"has-post-thumbnail","6":"product_cat-atlas-dalas","7":"product_cat-lietotas-detalas","8":"product_cat-celtniecibas-tehnikas-dalas","10":"first","11":"instock","12":"taxable","13":"shipping-taxable","14":"purchasable","15":"product-type-simple"},"_links":{"self":[{"href":"https:\/\/kasima3.bcapps.lt\/lv\/wp-json\/wp\/v2\/product\/33214","targetHints":{"allow":["GET"]}}],"collection":[{"href":"https:\/\/kasima3.bcapps.lt\/lv\/wp-json\/wp\/v2\/product"}],"about":[{"href":"https:\/\/kasima3.bcapps.lt\/lv\/wp-json\/wp\/v2\/types\/product"}],"wp:featuredmedia":[{"embeddable":true,"href":"https:\/\/kasima3.bcapps.lt\/lv\/wp-json\/wp\/v2\/media\/33205"}],"wp:attachment":[{"href":"https:\/\/kasima3.bcapps.lt\/lv\/wp-json\/wp\/v2\/media?parent=33214"}],"wp:term":[{"taxonomy":"product_brand","embeddable":true,"href":"https:\/\/kasima3.bcapps.lt\/lv\/wp-json\/wp\/v2\/product_brand?post=33214"},{"taxonomy":"product_cat","embeddable":true,"href":"https:\/\/kasima3.bcapps.lt\/lv\/wp-json\/wp\/v2\/product_cat?post=33214"},{"taxonomy":"product_tag","embeddable":true,"href":"https:\/\/kasima3.bcapps.lt\/lv\/wp-json\/wp\/v2\/product_tag?post=33214"}],"curies":[{"name":"wp","href":"https:\/\/api.w.org\/{rel}","templated":true}]}}