{"id":33245,"date":"2024-12-16T14:13:05","date_gmt":"2024-12-16T14:13:05","guid":{"rendered":"https:\/\/kasima.lt\/produktas\/gazo-pedalas-su-integruotu-voztuvu\/"},"modified":"2025-10-29T08:33:22","modified_gmt":"2025-10-29T08:33:22","slug":"gazo-pedalas-su-integruotu-voztuvu","status":"publish","type":"product","link":"https:\/\/kasima3.bcapps.lt\/lv\/produktas\/gazo-pedalas-su-integruotu-voztuvu\/","title":{"rendered":"G\u0101zes ped\u0101lis ar integr\u0113tu v\u0101rstu"},"content":{"rendered":"<p>Lietots g\u0101zes ped\u0101lis ar v\u0101rstu no Atlas ekskavatora<br \/>Lietots, piln\u012bb\u0101 funkcion\u0113jo\u0161s, ar nelielu nolietojumu<br \/>Deta\u013cu numuri:<br \/>5620306<br \/>072B2321<br \/>081007093710<br \/>G\u0101zes ped\u0101lis ir svar\u012bgs ekskavatora vad\u012bbas elements, kas ir tie\u0161i savienots ar drose\u013cv\u0101rstu un atbild\u012bgs par dzin\u0113ja jaudas regul\u0113\u0161anu. Integr\u0113tais v\u0101rsts nodro\u0161ina vienm\u0113r\u012bgu darb\u012bbu un prec\u012bzu hidraulikas kontroli, kas saist\u012bta ar drose\u013cv\u0101rsta reakciju.<br \/>Speci\u0101li izstr\u0101d\u0101ts \u201cAtlas\u201d ekskavatoriem, bet var b\u016bt sader\u012bgs ar l\u012bdz\u012bgiem smag\u0101s tehnikas mode\u013ciem ar hidrauliskaj\u0101m sist\u0113m\u0101m.  <\/p>\n","protected":false},"excerpt":{"rendered":"<p>Cena bez PVN<\/p>\n<p>Ra\u017eot\u0101js: ATLAS<br \/>Modelis: AT16040040<br \/>Izsaukums: <a href=\"tel:+37060842988\">+37060842988<\/a><br \/>E-pasts:<a href=\"mailto:usedparts@kasima3.bcapps.lt\"> usedparts@kasima3.bcapps.lt <\/a><\/p>\n","protected":false},"featured_media":33226,"template":"","meta":{"_et_pb_use_builder":"","_et_pb_old_content":"","_et_gb_content_width":""},"product_brand":[],"product_cat":[484,318,452],"product_tag":[],"class_list":{"0":"post-33245","1":"product","2":"type-product","3":"status-publish","4":"has-post-thumbnail","6":"product_cat-atlas-dalas","7":"product_cat-lietotas-detalas","8":"product_cat-celtniecibas-tehnikas-dalas","10":"first","11":"instock","12":"taxable","13":"shipping-taxable","14":"purchasable","15":"product-type-simple"},"_links":{"self":[{"href":"https:\/\/kasima3.bcapps.lt\/lv\/wp-json\/wp\/v2\/product\/33245","targetHints":{"allow":["GET"]}}],"collection":[{"href":"https:\/\/kasima3.bcapps.lt\/lv\/wp-json\/wp\/v2\/product"}],"about":[{"href":"https:\/\/kasima3.bcapps.lt\/lv\/wp-json\/wp\/v2\/types\/product"}],"wp:featuredmedia":[{"embeddable":true,"href":"https:\/\/kasima3.bcapps.lt\/lv\/wp-json\/wp\/v2\/media\/33226"}],"wp:attachment":[{"href":"https:\/\/kasima3.bcapps.lt\/lv\/wp-json\/wp\/v2\/media?parent=33245"}],"wp:term":[{"taxonomy":"product_brand","embeddable":true,"href":"https:\/\/kasima3.bcapps.lt\/lv\/wp-json\/wp\/v2\/product_brand?post=33245"},{"taxonomy":"product_cat","embeddable":true,"href":"https:\/\/kasima3.bcapps.lt\/lv\/wp-json\/wp\/v2\/product_cat?post=33245"},{"taxonomy":"product_tag","embeddable":true,"href":"https:\/\/kasima3.bcapps.lt\/lv\/wp-json\/wp\/v2\/product_tag?post=33245"}],"curies":[{"name":"wp","href":"https:\/\/api.w.org\/{rel}","templated":true}]}}