{"id":33270,"date":"2024-12-16T14:48:15","date_gmt":"2024-12-16T14:48:15","guid":{"rendered":"https:\/\/kasima.lt\/produktas\/servo-voztuvo-blokas-su-pedalu\/"},"modified":"2025-10-29T08:33:22","modified_gmt":"2025-10-29T08:33:22","slug":"servo-voztuvo-blokas-su-pedalu","status":"publish","type":"product","link":"https:\/\/kasima3.bcapps.lt\/lv\/produktas\/servo-voztuvo-blokas-su-pedalu\/","title":{"rendered":"Servo vo\u017etuvo blokas su Servoventi\u013ca bloks ar sviru"},"content":{"rendered":"<p>Lietots servoventi\u013ca bloks ar sviru Atlas ekskavatoram<br \/>Deta\u013cas numurs: 5616708<br \/>Atsauces numurs: 07282318<br \/>S\u0113rijas numurs: C30331144332<br \/>Lietots, piln\u012bb\u0101 funkcion\u0113jo\u0161s<br \/>Servoventi\u013ca blokam ar sviru ir iz\u0161\u0137iro\u0161a noz\u012bme hidraulisk\u0101s pl\u016bsmas un spiediena kontrol\u0113 Atlas ekskavatoros. \u0160is bloks nodro\u0161ina prec\u012bzu ma\u0161\u012bnas iero\u010du, str\u0113les un stiprin\u0101jumu kust\u012bbu.<br \/>Speci\u0101li ra\u017eots Atlas ma\u0161\u012bn\u0101m un sader\u012bgs ar da\u017e\u0101diem ekskavatoru mode\u013ciem.<br \/>Iztur sare\u017e\u0123\u012btus apst\u0101k\u013cus b\u016bvniec\u012bbas un rak\u0161anas darbos.<br \/>Izstr\u0101d\u0101ts Atlas ma\u0161\u012bn\u0101m, nodro\u0161inot ori\u0123in\u0101liek\u0101rtu ra\u017eot\u0101ju apr\u012bkojuma kvalit\u0101ti un veiktsp\u0113ju.    <\/p>\n","protected":false},"excerpt":{"rendered":"<p>Cena bez PVN<\/p>\n<p>Ra\u017eot\u0101js: ATLAS<br \/>Modelis: AT16040041<br \/>Izsaukums: <a href=\"tel:+37060842988\">+37060842988<\/a><br \/>E-pasts: <a href=\"mailto:usedparts@kasima3.bcapps.lt\">usedparts@kasima3.bcapps.lt <\/a><\/p>\n","protected":false},"featured_media":33261,"template":"","meta":{"_et_pb_use_builder":"","_et_pb_old_content":"","_et_gb_content_width":""},"product_brand":[],"product_cat":[484,318,452],"product_tag":[],"class_list":{"0":"post-33270","1":"product","2":"type-product","3":"status-publish","4":"has-post-thumbnail","6":"product_cat-atlas-dalas","7":"product_cat-lietotas-detalas","8":"product_cat-celtniecibas-tehnikas-dalas","10":"first","11":"instock","12":"taxable","13":"shipping-taxable","14":"purchasable","15":"product-type-simple"},"_links":{"self":[{"href":"https:\/\/kasima3.bcapps.lt\/lv\/wp-json\/wp\/v2\/product\/33270","targetHints":{"allow":["GET"]}}],"collection":[{"href":"https:\/\/kasima3.bcapps.lt\/lv\/wp-json\/wp\/v2\/product"}],"about":[{"href":"https:\/\/kasima3.bcapps.lt\/lv\/wp-json\/wp\/v2\/types\/product"}],"wp:featuredmedia":[{"embeddable":true,"href":"https:\/\/kasima3.bcapps.lt\/lv\/wp-json\/wp\/v2\/media\/33261"}],"wp:attachment":[{"href":"https:\/\/kasima3.bcapps.lt\/lv\/wp-json\/wp\/v2\/media?parent=33270"}],"wp:term":[{"taxonomy":"product_brand","embeddable":true,"href":"https:\/\/kasima3.bcapps.lt\/lv\/wp-json\/wp\/v2\/product_brand?post=33270"},{"taxonomy":"product_cat","embeddable":true,"href":"https:\/\/kasima3.bcapps.lt\/lv\/wp-json\/wp\/v2\/product_cat?post=33270"},{"taxonomy":"product_tag","embeddable":true,"href":"https:\/\/kasima3.bcapps.lt\/lv\/wp-json\/wp\/v2\/product_tag?post=33270"}],"curies":[{"name":"wp","href":"https:\/\/api.w.org\/{rel}","templated":true}]}}