{"id":33295,"date":"2024-12-17T07:27:05","date_gmt":"2024-12-17T07:27:05","guid":{"rendered":"https:\/\/kasima.lt\/produktas\/pagalbinis-buldozerio-valdymo-blokas\/"},"modified":"2025-10-29T08:33:22","modified_gmt":"2025-10-29T08:33:22","slug":"pagalbinis-buldozerio-valdymo-blokas","status":"publish","type":"product","link":"https:\/\/kasima3.bcapps.lt\/lv\/produktas\/pagalbinis-buldozerio-valdymo-blokas\/","title":{"rendered":"Buldozera izm\u0113\u0123in\u0101juma vad\u012bbas bloks"},"content":{"rendered":"<p>Lietots ori\u0123in\u0101ls \u201cAtlas\u201d priek\u0161\u0113j\u0101s l\u0101psti\u0146as pilota vad\u012bbas bloks<br \/>Atsauces numurs: 07282317<br \/>Deta\u013cas numurs: 5620679<br \/>S\u0113rijas numurs: 0303171500<br \/>Lietots, p\u0101rbaud\u012bts un piln\u012bb\u0101 funkcion\u0113jo\u0161s<br \/>Atlas izm\u0113\u0123in\u0101juma vad\u012bbas bloks ir paredz\u0113ts smago ma\u0161\u012bnu, piem\u0113ram, ekskavatoru vai iekr\u0101v\u0113ju, priek\u0161\u0113j\u0101 asme\u0146a darbin\u0101\u0161anai. Tas prec\u012bzi kontrol\u0113 hidraulisko pl\u016bsmu, nodro\u0161inot vienm\u0113r\u012bgu un prec\u012bzu asme\u0146a kust\u012bbu. <\/p>\n","protected":false},"excerpt":{"rendered":"<p>Cena bez PVN<\/p>\n<p>Ra\u017eot\u0101js: ATLAS<br \/>Modelis: AT16040042<br \/>Izsaukums: <a href=\"tel:+37060842988\">+37060842988<\/a><br \/>E-pasts: <a href=\"mailto:usedparts@kasima3.bcapps.lt\">usedparts@kasima3.bcapps.lt <\/a><\/p>\n","protected":false},"featured_media":33276,"template":"","meta":{"_et_pb_use_builder":"","_et_pb_old_content":"","_et_gb_content_width":""},"product_brand":[],"product_cat":[484,318,452],"product_tag":[],"class_list":{"0":"post-33295","1":"product","2":"type-product","3":"status-publish","4":"has-post-thumbnail","6":"product_cat-atlas-dalas","7":"product_cat-lietotas-detalas","8":"product_cat-celtniecibas-tehnikas-dalas","10":"first","11":"instock","12":"taxable","13":"shipping-taxable","14":"purchasable","15":"product-type-simple"},"_links":{"self":[{"href":"https:\/\/kasima3.bcapps.lt\/lv\/wp-json\/wp\/v2\/product\/33295","targetHints":{"allow":["GET"]}}],"collection":[{"href":"https:\/\/kasima3.bcapps.lt\/lv\/wp-json\/wp\/v2\/product"}],"about":[{"href":"https:\/\/kasima3.bcapps.lt\/lv\/wp-json\/wp\/v2\/types\/product"}],"wp:featuredmedia":[{"embeddable":true,"href":"https:\/\/kasima3.bcapps.lt\/lv\/wp-json\/wp\/v2\/media\/33276"}],"wp:attachment":[{"href":"https:\/\/kasima3.bcapps.lt\/lv\/wp-json\/wp\/v2\/media?parent=33295"}],"wp:term":[{"taxonomy":"product_brand","embeddable":true,"href":"https:\/\/kasima3.bcapps.lt\/lv\/wp-json\/wp\/v2\/product_brand?post=33295"},{"taxonomy":"product_cat","embeddable":true,"href":"https:\/\/kasima3.bcapps.lt\/lv\/wp-json\/wp\/v2\/product_cat?post=33295"},{"taxonomy":"product_tag","embeddable":true,"href":"https:\/\/kasima3.bcapps.lt\/lv\/wp-json\/wp\/v2\/product_tag?post=33295"}],"curies":[{"name":"wp","href":"https:\/\/api.w.org\/{rel}","templated":true}]}}