{"id":33320,"date":"2024-12-17T07:54:38","date_gmt":"2024-12-17T07:54:38","guid":{"rendered":"https:\/\/kasima.lt\/produktas\/atlas-stabdziu-pedalas\/"},"modified":"2025-10-29T08:33:23","modified_gmt":"2025-10-29T08:33:23","slug":"atlas-stabdziu-pedalas","status":"publish","type":"product","link":"https:\/\/kasima3.bcapps.lt\/lv\/produktas\/atlas-stabdziu-pedalas\/","title":{"rendered":"Atlas brem\u017eu ped\u0101lis"},"content":{"rendered":"<p>Lietots Atlas brem\u017eu ped\u0101lis<br \/>Ma\u0161\u012bnas tips: Atlas ekskavators (vai l\u012bdz\u012bga smag\u0101 tehnika)<br \/>Lietots, funkcion\u0113jo\u0161s, ar nelielu nodilumu, kas atbilst ekspluat\u0101cijai<br \/>\u0160is Atlas brem\u017eu ped\u0101lis ir svar\u012bgs vad\u012bbas komponents brem\u017eu sist\u0113mu p\u0101rvald\u012bbai smagaj\u0101s celtniec\u012bbas iek\u0101rt\u0101s, piem\u0113ram, ekskavatoros un iekr\u0101v\u0113jos. Izstr\u0101d\u0101ts, lai nodro\u0161in\u0101tu iztur\u012bbu un precizit\u0101ti, tas nodro\u0161ina dro\u0161u ekspluat\u0101ciju sare\u017e\u0123\u012bt\u0101s b\u016bvniec\u012bbas vai r\u016bpniec\u012bbas vid\u0113s. <\/p>\n","protected":false},"excerpt":{"rendered":"<p>Cena bez PVN<\/p>\n<p>Ra\u017eot\u0101js: ATLAS<br \/>Modelis: AT16040043<br \/>Izsaukums: <a href=\"tel:+37060842988\">+37060842988<\/a><br \/>E-pasts: <a href=\"mailto:usedparts@kasima3.bcapps.lt\">usedparts@kasima3.bcapps.lt<\/a><\/p>\n","protected":false},"featured_media":33316,"template":"","meta":{"_et_pb_use_builder":"","_et_pb_old_content":"","_et_gb_content_width":""},"product_brand":[],"product_cat":[484,318,452],"product_tag":[],"class_list":{"0":"post-33320","1":"product","2":"type-product","3":"status-publish","4":"has-post-thumbnail","6":"product_cat-atlas-dalas","7":"product_cat-lietotas-detalas","8":"product_cat-celtniecibas-tehnikas-dalas","10":"first","11":"instock","12":"taxable","13":"shipping-taxable","14":"purchasable","15":"product-type-simple"},"_links":{"self":[{"href":"https:\/\/kasima3.bcapps.lt\/lv\/wp-json\/wp\/v2\/product\/33320","targetHints":{"allow":["GET"]}}],"collection":[{"href":"https:\/\/kasima3.bcapps.lt\/lv\/wp-json\/wp\/v2\/product"}],"about":[{"href":"https:\/\/kasima3.bcapps.lt\/lv\/wp-json\/wp\/v2\/types\/product"}],"wp:featuredmedia":[{"embeddable":true,"href":"https:\/\/kasima3.bcapps.lt\/lv\/wp-json\/wp\/v2\/media\/33316"}],"wp:attachment":[{"href":"https:\/\/kasima3.bcapps.lt\/lv\/wp-json\/wp\/v2\/media?parent=33320"}],"wp:term":[{"taxonomy":"product_brand","embeddable":true,"href":"https:\/\/kasima3.bcapps.lt\/lv\/wp-json\/wp\/v2\/product_brand?post=33320"},{"taxonomy":"product_cat","embeddable":true,"href":"https:\/\/kasima3.bcapps.lt\/lv\/wp-json\/wp\/v2\/product_cat?post=33320"},{"taxonomy":"product_tag","embeddable":true,"href":"https:\/\/kasima3.bcapps.lt\/lv\/wp-json\/wp\/v2\/product_tag?post=33320"}],"curies":[{"name":"wp","href":"https:\/\/api.w.org\/{rel}","templated":true}]}}