{"id":33350,"date":"2024-12-17T08:55:30","date_gmt":"2024-12-17T08:55:30","guid":{"rendered":"https:\/\/kasima.lt\/produktas\/stabdziu-pedalas-su-rexroth-hidrauliniu-voztuvu\/"},"modified":"2025-10-29T08:33:23","modified_gmt":"2025-10-29T08:33:23","slug":"stabdziu-pedalas-su-rexroth-hidrauliniu-voztuvu","status":"publish","type":"product","link":"https:\/\/kasima3.bcapps.lt\/lv\/produktas\/stabdziu-pedalas-su-rexroth-hidrauliniu-voztuvu\/","title":{"rendered":"Brem\u017eu ped\u0101lis ar Rexroth hidraulisko v\u0101rstu"},"content":{"rendered":"<p>Lietots Atlas brem\u017eu ped\u0101lis ar Rexroth v\u0101rstu<br \/>V\u0101rsta modelis: LT05MKA-10\/025J\/02M22<br \/>MNR (materi\u0101la numurs): R900925528<br \/>Ma\u0161\u012bnas tips: Atlas ekskavators (vai l\u012bdz\u012bga smag\u0101 tehnika)<br \/>St\u0101voklis: Lietots, piln\u012bb\u0101 funkcion\u0113jo\u0161s, ar nelielu nolietojumu.<br \/>\u0160is Atlas brem\u017eu ped\u0101lis ir apr\u012bkots ar Rexroth hidraulisko v\u0101rstu (LT05MKA-10\/025J\/02M22), kas paredz\u0113ts, lai nodro\u0161in\u0101tu prec\u012bzu un uzticamu bremz\u0113\u0161anas kontroli smagaj\u0101m ma\u0161\u012bn\u0101m, piem\u0113ram, ekskavatoriem. Integr\u0113tais Rexroth v\u0101rsts nodro\u0161ina nevainojamu darb\u012bbu hidrauliskaj\u0101s sist\u0113m\u0101s, garant\u0113jot vienm\u0113r\u012bgu un atsauc\u012bgu bremz\u0113\u0161anas veiktsp\u0113ju.<\/p>\n","protected":false},"excerpt":{"rendered":"<p>Cena bez PVN<\/p>\n<p>Ra\u017eot\u0101js: ATLAS<br \/>Modelis: AT16040044<br \/>Izsaukums: <a href=\"tel:+37060842988\">+37060842988<\/a><br \/>E-pasts: <a href=\"mailto:usedparts@kasima3.bcapps.lt\">usedparts@kasima3.bcapps.lt <\/a><\/p>\n","protected":false},"featured_media":33331,"template":"","meta":{"_et_pb_use_builder":"","_et_pb_old_content":"","_et_gb_content_width":""},"product_brand":[],"product_cat":[484,318,452],"product_tag":[],"class_list":{"0":"post-33350","1":"product","2":"type-product","3":"status-publish","4":"has-post-thumbnail","6":"product_cat-atlas-dalas","7":"product_cat-lietotas-detalas","8":"product_cat-celtniecibas-tehnikas-dalas","10":"first","11":"instock","12":"taxable","13":"shipping-taxable","14":"purchasable","15":"product-type-simple"},"_links":{"self":[{"href":"https:\/\/kasima3.bcapps.lt\/lv\/wp-json\/wp\/v2\/product\/33350","targetHints":{"allow":["GET"]}}],"collection":[{"href":"https:\/\/kasima3.bcapps.lt\/lv\/wp-json\/wp\/v2\/product"}],"about":[{"href":"https:\/\/kasima3.bcapps.lt\/lv\/wp-json\/wp\/v2\/types\/product"}],"wp:featuredmedia":[{"embeddable":true,"href":"https:\/\/kasima3.bcapps.lt\/lv\/wp-json\/wp\/v2\/media\/33331"}],"wp:attachment":[{"href":"https:\/\/kasima3.bcapps.lt\/lv\/wp-json\/wp\/v2\/media?parent=33350"}],"wp:term":[{"taxonomy":"product_brand","embeddable":true,"href":"https:\/\/kasima3.bcapps.lt\/lv\/wp-json\/wp\/v2\/product_brand?post=33350"},{"taxonomy":"product_cat","embeddable":true,"href":"https:\/\/kasima3.bcapps.lt\/lv\/wp-json\/wp\/v2\/product_cat?post=33350"},{"taxonomy":"product_tag","embeddable":true,"href":"https:\/\/kasima3.bcapps.lt\/lv\/wp-json\/wp\/v2\/product_tag?post=33350"}],"curies":[{"name":"wp","href":"https:\/\/api.w.org\/{rel}","templated":true}]}}