{"id":33894,"date":"2025-01-09T08:58:18","date_gmt":"2025-01-09T08:58:18","guid":{"rendered":"https:\/\/kasima.lt\/produktas\/bob-tach-sistema\/"},"modified":"2025-10-29T08:33:24","modified_gmt":"2025-10-29T08:33:24","slug":"bob-tach-sistema","status":"publish","type":"product","link":"https:\/\/kasima3.bcapps.lt\/lv\/produktas\/bob-tach-sistema\/","title":{"rendered":"Bob-Tach sist\u0113ma"},"content":{"rendered":"<p>Mazliet lietota Bob-Tach sist\u0113ma, no\u0146emta no Bobcat T590, <br \/>2022. gada modelis. <br \/>\u0160\u012b sist\u0113ma ir izstr\u0101d\u0101ta, lai \u0101tri un viegli pievienotu vai no\u0146emtu piederumus, padarot j\u016bsu iekr\u0101v\u0113ju daudzpus\u012bg\u0101ku un efekt\u012bv\u0101ku. <\/p>\n","protected":false},"excerpt":{"rendered":"<p>Cena bez PVN<\/p>\n<p>Ra\u017eot\u0101js: BOBCAT<br \/>Modelis: T590BC0001<br \/>Zvan\u012bt: <a href=\"tel:+37060842988\">+37060842988<\/a><br \/>E-pasts: <a href=\"mailto:usedparts@kasima3.bcapps.lt\">usedparts@kasima3.bcapps.lt <\/a><\/p>\n","protected":false},"featured_media":33855,"template":"","meta":{"_et_pb_use_builder":"","_et_pb_old_content":"","_et_gb_content_width":""},"product_brand":[],"product_cat":[407,219,151,318,452],"product_tag":[],"class_list":{"0":"post-33894","1":"product","2":"type-product","3":"status-publish","4":"has-post-thumbnail","6":"product_cat-bobcat-dalas","7":"product_cat-lietots","8":"product_cat-mini-iekraveji","9":"product_cat-lietotas-detalas","10":"product_cat-celtniecibas-tehnikas-dalas","12":"first","13":"instock","14":"taxable","15":"shipping-taxable","16":"purchasable","17":"product-type-simple"},"_links":{"self":[{"href":"https:\/\/kasima3.bcapps.lt\/lv\/wp-json\/wp\/v2\/product\/33894","targetHints":{"allow":["GET"]}}],"collection":[{"href":"https:\/\/kasima3.bcapps.lt\/lv\/wp-json\/wp\/v2\/product"}],"about":[{"href":"https:\/\/kasima3.bcapps.lt\/lv\/wp-json\/wp\/v2\/types\/product"}],"wp:featuredmedia":[{"embeddable":true,"href":"https:\/\/kasima3.bcapps.lt\/lv\/wp-json\/wp\/v2\/media\/33855"}],"wp:attachment":[{"href":"https:\/\/kasima3.bcapps.lt\/lv\/wp-json\/wp\/v2\/media?parent=33894"}],"wp:term":[{"taxonomy":"product_brand","embeddable":true,"href":"https:\/\/kasima3.bcapps.lt\/lv\/wp-json\/wp\/v2\/product_brand?post=33894"},{"taxonomy":"product_cat","embeddable":true,"href":"https:\/\/kasima3.bcapps.lt\/lv\/wp-json\/wp\/v2\/product_cat?post=33894"},{"taxonomy":"product_tag","embeddable":true,"href":"https:\/\/kasima3.bcapps.lt\/lv\/wp-json\/wp\/v2\/product_tag?post=33894"}],"curies":[{"name":"wp","href":"https:\/\/api.w.org\/{rel}","templated":true}]}}