{"id":33930,"date":"2025-01-09T11:14:17","date_gmt":"2025-01-09T11:14:17","guid":{"rendered":"https:\/\/kasima.lt\/produktas\/kauso-padeties-nustatymo-voztuvas-bpv\/"},"modified":"2025-10-29T08:33:24","modified_gmt":"2025-10-29T08:33:24","slug":"kauso-padeties-nustatymo-voztuvas-bpv","status":"publish","type":"product","link":"https:\/\/kasima3.bcapps.lt\/lv\/produktas\/kauso-padeties-nustatymo-voztuvas-bpv\/","title":{"rendered":"Kausa pozicion\u0113\u0161anas v\u0101rsts (BPV)"},"content":{"rendered":"<p>Lietots kausa pozicion\u0113\u0161anas v\u0101rsts (BPV), no\u0146emts no Bobcat T590<br \/>2022. gada modelis<br \/>Deta\u013cas numurs: 7011060<br \/>Sader\u012bgs ar :<br \/>S530, S570, S590, S595, S650, T590, T595, T650, T590, T595, T650.<br \/>\u0160\u012b ori\u0123in\u0101l\u0101 Bobcat deta\u013ca nodro\u0161ina vienm\u0113r\u012bgu un prec\u012bzu kausa darb\u012bbu, kas ir ide\u0101li piem\u0113rota izl\u012bdzin\u0101\u0161anas un greider\u0113\u0161anas darbiem.<br \/>Nodro\u0161ina konsekventu kausa novietojumu<br \/>Palielina precizit\u0101ti iekrau\u0161anas un nol\u012bdzin\u0101\u0161anas laik\u0101  <\/p>\n","protected":false},"excerpt":{"rendered":"<p>Cena bez PVN<\/p>\n<p>Ra\u017eot\u0101js: BOBCAT<br \/>Modelis: T590BC0002<br \/>Izsaukums: <a href=\"tel:+37060842988\">+37060842988<\/a><br \/>E-pasts: <a href=\"mailto:usedparts@kasima3.bcapps.lt\">usedparts@kasima3.bcapps.lt <\/a><\/p>\n","protected":false},"featured_media":33901,"template":"","meta":{"_et_pb_use_builder":"","_et_pb_old_content":"","_et_gb_content_width":""},"product_brand":[],"product_cat":[407,490,318,452],"product_tag":[],"class_list":{"0":"post-33930","1":"product","2":"type-product","3":"status-publish","4":"has-post-thumbnail","6":"product_cat-bobcat-dalas","7":"product_cat-elektronikas-dalas","8":"product_cat-lietotas-detalas","9":"product_cat-celtniecibas-tehnikas-dalas","11":"first","12":"instock","13":"taxable","14":"shipping-taxable","15":"purchasable","16":"product-type-simple"},"_links":{"self":[{"href":"https:\/\/kasima3.bcapps.lt\/lv\/wp-json\/wp\/v2\/product\/33930","targetHints":{"allow":["GET"]}}],"collection":[{"href":"https:\/\/kasima3.bcapps.lt\/lv\/wp-json\/wp\/v2\/product"}],"about":[{"href":"https:\/\/kasima3.bcapps.lt\/lv\/wp-json\/wp\/v2\/types\/product"}],"wp:featuredmedia":[{"embeddable":true,"href":"https:\/\/kasima3.bcapps.lt\/lv\/wp-json\/wp\/v2\/media\/33901"}],"wp:attachment":[{"href":"https:\/\/kasima3.bcapps.lt\/lv\/wp-json\/wp\/v2\/media?parent=33930"}],"wp:term":[{"taxonomy":"product_brand","embeddable":true,"href":"https:\/\/kasima3.bcapps.lt\/lv\/wp-json\/wp\/v2\/product_brand?post=33930"},{"taxonomy":"product_cat","embeddable":true,"href":"https:\/\/kasima3.bcapps.lt\/lv\/wp-json\/wp\/v2\/product_cat?post=33930"},{"taxonomy":"product_tag","embeddable":true,"href":"https:\/\/kasima3.bcapps.lt\/lv\/wp-json\/wp\/v2\/product_tag?post=33930"}],"curies":[{"name":"wp","href":"https:\/\/api.w.org\/{rel}","templated":true}]}}