{"id":34166,"date":"2025-01-13T08:08:57","date_gmt":"2025-01-13T08:08:57","guid":{"rendered":"https:\/\/kasima.lt\/produktas\/bobcat-2-greiciu-sonine-pavara\/"},"modified":"2025-10-29T08:33:26","modified_gmt":"2025-10-29T08:33:26","slug":"bobcat-2-greiciu-sonine-pavara","status":"publish","type":"product","link":"https:\/\/kasima3.bcapps.lt\/lv\/produktas\/bobcat-2-greiciu-sonine-pavara\/","title":{"rendered":"Bobcat 2 \u0101trumu piedzi\u0146as motors"},"content":{"rendered":"<p>Lietots 2 \u0101trumu piedzi\u0146as motors, no\u0146emts no Bobcat T590.<br \/> Deta\u013cu numuri 7440629, 3286059.<br \/>\u0160is ori\u0123in\u0101lais Bobcat komponents nodro\u0161ina vienm\u0113r\u012bgu darb\u012bbu un \u0101trdarb\u012bgu funkcionalit\u0101ti, sader\u012bgs ar T550, T590 un T595 mode\u013ciem.<br \/>Cena par vien\u012bbu <\/p>\n","protected":false},"excerpt":{"rendered":"<p>Cena bez PVN<\/p>\n<p>Ra\u017eot\u0101js: REXROTH<br \/>Modelis: T590BC0003<br \/>Izsaukums: <a href=\"tel:+37060842988\">+37060842988<\/a><br \/>E-pasts: <a href=\"mailto:usedparts@kasima3.bcapps.lt\">usedparts@kasima3.bcapps.lt <\/a><\/p>\n","protected":false},"featured_media":34137,"template":"","meta":{"_et_pb_use_builder":"","_et_pb_old_content":"","_et_gb_content_width":""},"product_brand":[],"product_cat":[407,318,452],"product_tag":[],"class_list":{"0":"post-34166","1":"product","2":"type-product","3":"status-publish","4":"has-post-thumbnail","6":"product_cat-bobcat-dalas","7":"product_cat-lietotas-detalas","8":"product_cat-celtniecibas-tehnikas-dalas","10":"first","11":"instock","12":"taxable","13":"shipping-taxable","14":"purchasable","15":"product-type-simple"},"_links":{"self":[{"href":"https:\/\/kasima3.bcapps.lt\/lv\/wp-json\/wp\/v2\/product\/34166","targetHints":{"allow":["GET"]}}],"collection":[{"href":"https:\/\/kasima3.bcapps.lt\/lv\/wp-json\/wp\/v2\/product"}],"about":[{"href":"https:\/\/kasima3.bcapps.lt\/lv\/wp-json\/wp\/v2\/types\/product"}],"wp:featuredmedia":[{"embeddable":true,"href":"https:\/\/kasima3.bcapps.lt\/lv\/wp-json\/wp\/v2\/media\/34137"}],"wp:attachment":[{"href":"https:\/\/kasima3.bcapps.lt\/lv\/wp-json\/wp\/v2\/media?parent=34166"}],"wp:term":[{"taxonomy":"product_brand","embeddable":true,"href":"https:\/\/kasima3.bcapps.lt\/lv\/wp-json\/wp\/v2\/product_brand?post=34166"},{"taxonomy":"product_cat","embeddable":true,"href":"https:\/\/kasima3.bcapps.lt\/lv\/wp-json\/wp\/v2\/product_cat?post=34166"},{"taxonomy":"product_tag","embeddable":true,"href":"https:\/\/kasima3.bcapps.lt\/lv\/wp-json\/wp\/v2\/product_tag?post=34166"}],"curies":[{"name":"wp","href":"https:\/\/api.w.org\/{rel}","templated":true}]}}