{"id":34196,"date":"2025-01-13T08:39:26","date_gmt":"2025-01-13T08:39:26","guid":{"rendered":"https:\/\/kasima.lt\/produktas\/bobcat-viksriniai-voleliai\/"},"modified":"2025-10-29T08:33:26","modified_gmt":"2025-10-29T08:33:26","slug":"bobcat-viksriniai-voleliai","status":"publish","type":"product","link":"https:\/\/kasima3.bcapps.lt\/lv\/produktas\/bobcat-viksriniai-voleliai\/","title":{"rendered":"Bobcat k\u0101pur\u0137\u0113\u017eu velt\u0146i"},"content":{"rendered":"<p>Lietoti k\u0101pur\u0137\u0113\u017eu velt\u0146i, no\u0146emti no Bobcat T590. <br \/>Deta\u013cas numurs 7228629<br \/>\u0160ie ori\u0123in\u0101lie Bobcat komponenti ir sader\u012bgi ar T650, T770 un T66 mode\u013ciem.<br \/>8 vien\u012bbas, cena par vien\u012bbu  <\/p>\n","protected":false},"excerpt":{"rendered":"<p>Cena bez PVN<\/p>\n<p>Ra\u017eot\u0101js: BOBCAT<br \/>Modelis: T590BC0016<br \/>Zvan\u012bt: <a href=\"tel:+37060842988\">+37060842988<\/a><br \/>E-pasts: <a href=\"mailto:usedparts@kasima3.bcapps.lt\">usedparts@kasima3.bcapps.lt <\/a><\/p>\n","protected":false},"featured_media":34172,"template":"","meta":{"_et_pb_use_builder":"","_et_pb_old_content":"","_et_gb_content_width":""},"product_brand":[],"product_cat":[407,318,452],"product_tag":[],"class_list":{"0":"post-34196","1":"product","2":"type-product","3":"status-publish","4":"has-post-thumbnail","6":"product_cat-bobcat-dalas","7":"product_cat-lietotas-detalas","8":"product_cat-celtniecibas-tehnikas-dalas","10":"first","11":"instock","12":"taxable","13":"shipping-taxable","14":"purchasable","15":"product-type-simple"},"_links":{"self":[{"href":"https:\/\/kasima3.bcapps.lt\/lv\/wp-json\/wp\/v2\/product\/34196","targetHints":{"allow":["GET"]}}],"collection":[{"href":"https:\/\/kasima3.bcapps.lt\/lv\/wp-json\/wp\/v2\/product"}],"about":[{"href":"https:\/\/kasima3.bcapps.lt\/lv\/wp-json\/wp\/v2\/types\/product"}],"wp:featuredmedia":[{"embeddable":true,"href":"https:\/\/kasima3.bcapps.lt\/lv\/wp-json\/wp\/v2\/media\/34172"}],"wp:attachment":[{"href":"https:\/\/kasima3.bcapps.lt\/lv\/wp-json\/wp\/v2\/media?parent=34196"}],"wp:term":[{"taxonomy":"product_brand","embeddable":true,"href":"https:\/\/kasima3.bcapps.lt\/lv\/wp-json\/wp\/v2\/product_brand?post=34196"},{"taxonomy":"product_cat","embeddable":true,"href":"https:\/\/kasima3.bcapps.lt\/lv\/wp-json\/wp\/v2\/product_cat?post=34196"},{"taxonomy":"product_tag","embeddable":true,"href":"https:\/\/kasima3.bcapps.lt\/lv\/wp-json\/wp\/v2\/product_tag?post=34196"}],"curies":[{"name":"wp","href":"https:\/\/api.w.org\/{rel}","templated":true}]}}