{"id":34281,"date":"2025-01-14T09:38:10","date_gmt":"2025-01-14T09:38:10","guid":{"rendered":"https:\/\/kasima.lt\/produktas\/bobcat-ismetimo-duslintuvas-su-dpf\/"},"modified":"2025-10-29T08:33:27","modified_gmt":"2025-10-29T08:33:27","slug":"bobcat-ismetimo-duslintuvas-su-dpf","status":"publish","type":"product","link":"https:\/\/kasima3.bcapps.lt\/lv\/produktas\/bobcat-ismetimo-duslintuvas-su-dpf\/","title":{"rendered":"Bobcat izpl\u016bdes g\u0101zu sl\u0101p\u0113t\u0101js ar DPF"},"content":{"rendered":"<p>Lietots izpl\u016bdes klusin\u0101t\u0101js ar DPF (d\u012bze\u013cdegvielas da\u013ci\u0146u filtru), no\u0146emts no Bobcat T590. <br \/>Izpl\u016bdes klusin\u0101t\u0101js ar DPF samazina izme\u0161u daudzumu un troksni, vienlaikus saglab\u0101jot optim\u0101lu dzin\u0113ja veiktsp\u0113ju.<br \/>Deta\u013cas numurs 7350115<br \/>\u0160is ori\u0123in\u0101lais Bobcat komponents ir sader\u012bgs ar S510, S530, S550, S590 un T590 mode\u013ciem.  <\/p>\n","protected":false},"excerpt":{"rendered":"<p>Cena bez PVN<\/p>\n<p>Ra\u017eot\u0101js: BOBCAT<br \/>Modelis: T590BC0019<br \/>Zvan\u012bt: <a href=\"tel:+37060842988\">+37060842988<\/a><br \/>E-pasts: <a href=\"mailto:usedparts@kasima3.bcapps.lt\">usedparts@kasima3.bcapps.lt <\/a><\/p>\n","protected":false},"featured_media":34247,"template":"","meta":{"_et_pb_use_builder":"","_et_pb_old_content":"","_et_gb_content_width":""},"product_brand":[],"product_cat":[407,318,452],"product_tag":[],"class_list":{"0":"post-34281","1":"product","2":"type-product","3":"status-publish","4":"has-post-thumbnail","6":"product_cat-bobcat-dalas","7":"product_cat-lietotas-detalas","8":"product_cat-celtniecibas-tehnikas-dalas","10":"first","11":"instock","12":"taxable","13":"shipping-taxable","14":"purchasable","15":"product-type-simple"},"_links":{"self":[{"href":"https:\/\/kasima3.bcapps.lt\/lv\/wp-json\/wp\/v2\/product\/34281","targetHints":{"allow":["GET"]}}],"collection":[{"href":"https:\/\/kasima3.bcapps.lt\/lv\/wp-json\/wp\/v2\/product"}],"about":[{"href":"https:\/\/kasima3.bcapps.lt\/lv\/wp-json\/wp\/v2\/types\/product"}],"wp:featuredmedia":[{"embeddable":true,"href":"https:\/\/kasima3.bcapps.lt\/lv\/wp-json\/wp\/v2\/media\/34247"}],"wp:attachment":[{"href":"https:\/\/kasima3.bcapps.lt\/lv\/wp-json\/wp\/v2\/media?parent=34281"}],"wp:term":[{"taxonomy":"product_brand","embeddable":true,"href":"https:\/\/kasima3.bcapps.lt\/lv\/wp-json\/wp\/v2\/product_brand?post=34281"},{"taxonomy":"product_cat","embeddable":true,"href":"https:\/\/kasima3.bcapps.lt\/lv\/wp-json\/wp\/v2\/product_cat?post=34281"},{"taxonomy":"product_tag","embeddable":true,"href":"https:\/\/kasima3.bcapps.lt\/lv\/wp-json\/wp\/v2\/product_tag?post=34281"}],"curies":[{"name":"wp","href":"https:\/\/api.w.org\/{rel}","templated":true}]}}