{"id":34354,"date":"2025-01-16T11:02:48","date_gmt":"2025-01-16T11:02:48","guid":{"rendered":"https:\/\/kasima.lt\/produktas\/bobcat-valdymo-voztuvas\/"},"modified":"2025-10-29T08:33:28","modified_gmt":"2025-10-29T08:33:28","slug":"bobcat-valdymo-voztuvas","status":"publish","type":"product","link":"https:\/\/kasima3.bcapps.lt\/lv\/produktas\/bobcat-valdymo-voztuvas\/","title":{"rendered":"Bobcat vad\u012bbas v\u0101rsts"},"content":{"rendered":"<p>Lietots vad\u012bbas v\u0101rsts, no\u0146emts no Bobcat T590. <br \/>Deta\u013cas numurs 7297074<br \/>\u0160is ori\u0123in\u0101lais Bobcat komponents ir sader\u012bgs ar S510, S530, S550, S570, S590, S595, T550, T590 un T595 mode\u013ciem.<br \/>Vad\u012bbas v\u0101rsts ir b\u016btiska j\u016bsu iekr\u0101v\u0113ja hidraulisk\u0101s sist\u0113mas da\u013ca, kas nodro\u0161ina da\u017e\u0101du funkciju vienm\u0113r\u012bgu darb\u012bbu un \u0101tru reakciju. <\/p>\n","protected":false},"excerpt":{"rendered":"<p>Cena bez PVN<\/p>\n<p>Ra\u017eot\u0101js: BOBCAT<br \/>Modelis: T590BC0020<br \/>Zvan\u012bt: <a href=\"tel:+37060842988\">+37060842988<\/a><br \/>E-pasts: <a href=\"mailto:usedparts@kasima3.bcapps.lt\">usedparts@kasima3.bcapps.lt <\/a><\/p>\n","protected":false},"featured_media":34335,"template":"","meta":{"_et_pb_use_builder":"","_et_pb_old_content":"","_et_gb_content_width":""},"product_brand":[],"product_cat":[407,318,452],"product_tag":[],"class_list":{"0":"post-34354","1":"product","2":"type-product","3":"status-publish","4":"has-post-thumbnail","6":"product_cat-bobcat-dalas","7":"product_cat-lietotas-detalas","8":"product_cat-celtniecibas-tehnikas-dalas","10":"first","11":"instock","12":"taxable","13":"shipping-taxable","14":"purchasable","15":"product-type-simple"},"_links":{"self":[{"href":"https:\/\/kasima3.bcapps.lt\/lv\/wp-json\/wp\/v2\/product\/34354","targetHints":{"allow":["GET"]}}],"collection":[{"href":"https:\/\/kasima3.bcapps.lt\/lv\/wp-json\/wp\/v2\/product"}],"about":[{"href":"https:\/\/kasima3.bcapps.lt\/lv\/wp-json\/wp\/v2\/types\/product"}],"wp:featuredmedia":[{"embeddable":true,"href":"https:\/\/kasima3.bcapps.lt\/lv\/wp-json\/wp\/v2\/media\/34335"}],"wp:attachment":[{"href":"https:\/\/kasima3.bcapps.lt\/lv\/wp-json\/wp\/v2\/media?parent=34354"}],"wp:term":[{"taxonomy":"product_brand","embeddable":true,"href":"https:\/\/kasima3.bcapps.lt\/lv\/wp-json\/wp\/v2\/product_brand?post=34354"},{"taxonomy":"product_cat","embeddable":true,"href":"https:\/\/kasima3.bcapps.lt\/lv\/wp-json\/wp\/v2\/product_cat?post=34354"},{"taxonomy":"product_tag","embeddable":true,"href":"https:\/\/kasima3.bcapps.lt\/lv\/wp-json\/wp\/v2\/product_tag?post=34354"}],"curies":[{"name":"wp","href":"https:\/\/api.w.org\/{rel}","templated":true}]}}