{"id":34724,"date":"2025-02-03T07:50:57","date_gmt":"2025-02-03T07:50:57","guid":{"rendered":"https:\/\/kasima.lt\/produktas\/linde-sukamasis-variklis-nuo-atlas-1604\/"},"modified":"2025-10-29T08:33:30","modified_gmt":"2025-10-29T08:33:30","slug":"linde-sukamasis-variklis-nuo-atlas-1604","status":"publish","type":"product","link":"https:\/\/kasima3.bcapps.lt\/lv\/produktas\/linde-sukamasis-variklis-nuo-atlas-1604\/","title":{"rendered":"Linde \u0161\u016bpo\u013cu motors no Atlas 1604"},"content":{"rendered":"<p>Lietots Linde \u0161\u016bpo\u013cu motors tika no\u0146emts no ekskavatora Atlas 1604.<br \/>Mode\u013ca\/tipa numurs:<br \/>GD6 0002501<br \/>Tips HMF75-02P<br \/>S\u0113rijas\/da\u013cas numurs:<br \/>H2X803P 00126<br \/>6010486<br \/>4682682<br \/>6010493<br \/>H2X293P 00812<br \/>2933110108<br \/>8032640100<br \/>130902 K<\/p>\n","protected":false},"excerpt":{"rendered":"<p>Cena bez PVN<\/p>\n<p>Ra\u017eot\u0101js: LINDE<br \/>Modelis: AT16040014<br \/>Izsaukums:<a href=\"tel:+37060842988\"> +37060842988<\/a><br \/>E-pasts: <a href=\"mailto:usedparts@kasima3.bcapps.lt\">usedparts@kasima3.bcapps.lt <\/a><\/p>\n","protected":false},"featured_media":34660,"template":"","meta":{"_et_pb_use_builder":"","_et_pb_old_content":"","_et_gb_content_width":""},"product_brand":[],"product_cat":[484,318,452],"product_tag":[],"class_list":{"0":"post-34724","1":"product","2":"type-product","3":"status-publish","4":"has-post-thumbnail","6":"product_cat-atlas-dalas","7":"product_cat-lietotas-detalas","8":"product_cat-celtniecibas-tehnikas-dalas","10":"first","11":"instock","12":"taxable","13":"shipping-taxable","14":"product-type-simple"},"_links":{"self":[{"href":"https:\/\/kasima3.bcapps.lt\/lv\/wp-json\/wp\/v2\/product\/34724","targetHints":{"allow":["GET"]}}],"collection":[{"href":"https:\/\/kasima3.bcapps.lt\/lv\/wp-json\/wp\/v2\/product"}],"about":[{"href":"https:\/\/kasima3.bcapps.lt\/lv\/wp-json\/wp\/v2\/types\/product"}],"wp:featuredmedia":[{"embeddable":true,"href":"https:\/\/kasima3.bcapps.lt\/lv\/wp-json\/wp\/v2\/media\/34660"}],"wp:attachment":[{"href":"https:\/\/kasima3.bcapps.lt\/lv\/wp-json\/wp\/v2\/media?parent=34724"}],"wp:term":[{"taxonomy":"product_brand","embeddable":true,"href":"https:\/\/kasima3.bcapps.lt\/lv\/wp-json\/wp\/v2\/product_brand?post=34724"},{"taxonomy":"product_cat","embeddable":true,"href":"https:\/\/kasima3.bcapps.lt\/lv\/wp-json\/wp\/v2\/product_cat?post=34724"},{"taxonomy":"product_tag","embeddable":true,"href":"https:\/\/kasima3.bcapps.lt\/lv\/wp-json\/wp\/v2\/product_tag?post=34724"}],"curies":[{"name":"wp","href":"https:\/\/api.w.org\/{rel}","templated":true}]}}