{"id":35742,"date":"2025-02-07T06:40:31","date_gmt":"2025-02-07T06:40:31","guid":{"rendered":"https:\/\/kasima.lt\/produktas\/atlas-1604-prietaisu-skydelis-su-mikroschema\/"},"modified":"2025-10-29T08:33:32","modified_gmt":"2025-10-29T08:33:32","slug":"atlas-1604-prietaisu-skydelis-su-mikroschema","status":"publish","type":"product","link":"https:\/\/kasima3.bcapps.lt\/lv\/produktas\/atlas-1604-prietaisu-skydelis-su-mikroschema\/","title":{"rendered":"Atlas 1604 instrumentu panelis ar mikrosh\u0113mu"},"content":{"rendered":"<p>\u0160is lietotais, bet piln\u012bb\u0101 funkcion\u0113jo\u0161ais m\u0113rinstrumentu panelis ar integr\u0113tu mikrosh\u0113mu nodro\u0161ina pareizu ekskavatora svar\u012bg\u0101ko funkciju uzraudz\u012bbu un kontroli.<br \/>\nPar\u0101da dzin\u0113ja darb\u012bbu un sist\u0113mas br\u012bdin\u0101jumus<br \/>\nSkait\u013ci uz pane\u013ca un mikrosh\u0113mas:<br \/>\n98020942<br \/>\n220302615<br \/>\n4733871<br \/>\n172769<\/p>\n","protected":false},"excerpt":{"rendered":"<p>Cena bez PVN<\/p>\n<p>Ra\u017eot\u0101js: ATLAS<br \/>\nModelis: AT16040053<br \/>\nIzsaukums: <a href=\"tel:+37060842988\">+37060842988<\/a><br \/>E-pasts: <a href=\"mailto:usedparts@kasima3.bcapps.lt\">usedparts@kasima3.bcapps.lt<\/a><\/p>\n","protected":false},"featured_media":35723,"template":"","meta":{"_et_pb_use_builder":"","_et_pb_old_content":"","_et_gb_content_width":""},"product_brand":[],"product_cat":[484,490,318,452],"product_tag":[],"class_list":{"0":"post-35742","1":"product","2":"type-product","3":"status-publish","4":"has-post-thumbnail","6":"product_cat-atlas-dalas","7":"product_cat-elektronikas-dalas","8":"product_cat-lietotas-detalas","9":"product_cat-celtniecibas-tehnikas-dalas","11":"first","12":"instock","13":"taxable","14":"shipping-taxable","15":"purchasable","16":"product-type-simple"},"_links":{"self":[{"href":"https:\/\/kasima3.bcapps.lt\/lv\/wp-json\/wp\/v2\/product\/35742","targetHints":{"allow":["GET"]}}],"collection":[{"href":"https:\/\/kasima3.bcapps.lt\/lv\/wp-json\/wp\/v2\/product"}],"about":[{"href":"https:\/\/kasima3.bcapps.lt\/lv\/wp-json\/wp\/v2\/types\/product"}],"wp:featuredmedia":[{"embeddable":true,"href":"https:\/\/kasima3.bcapps.lt\/lv\/wp-json\/wp\/v2\/media\/35723"}],"wp:attachment":[{"href":"https:\/\/kasima3.bcapps.lt\/lv\/wp-json\/wp\/v2\/media?parent=35742"}],"wp:term":[{"taxonomy":"product_brand","embeddable":true,"href":"https:\/\/kasima3.bcapps.lt\/lv\/wp-json\/wp\/v2\/product_brand?post=35742"},{"taxonomy":"product_cat","embeddable":true,"href":"https:\/\/kasima3.bcapps.lt\/lv\/wp-json\/wp\/v2\/product_cat?post=35742"},{"taxonomy":"product_tag","embeddable":true,"href":"https:\/\/kasima3.bcapps.lt\/lv\/wp-json\/wp\/v2\/product_tag?post=35742"}],"curies":[{"name":"wp","href":"https:\/\/api.w.org\/{rel}","templated":true}]}}