{"id":36134,"date":"2025-02-10T13:42:55","date_gmt":"2025-02-10T13:42:55","guid":{"rendered":"https:\/\/kasima.lt\/produktas\/kaires-puses-atlas-1604-valdymo-svirtis\/"},"modified":"2025-10-29T08:33:33","modified_gmt":"2025-10-29T08:33:33","slug":"kaires-puses-atlas-1604-valdymo-svirtis","status":"publish","type":"product","link":"https:\/\/kasima3.bcapps.lt\/lv\/produktas\/kaires-puses-atlas-1604-valdymo-svirtis\/","title":{"rendered":"Kreis\u0101s puses d\u017eoistikas st\u016bre Atlas 1604"},"content":{"rendered":"<p>Lietots, bet piln\u012bb\u0101 funkcion\u0113jo\u0161s d\u017eoistiks nodro\u0161ina vienm\u0113r\u012bgu un prec\u012bzu ekskavatora kust\u012bbu vad\u012bbu.<br \/>\nDeta\u013cu numuri:<br \/>\n5620668 &#8211; Ori\u0123in\u0101lais Atlas d\u017eoistikas da\u013cas numurs.<br \/>\nREF 07282400 &#8211; atsauces numurs savietojam\u012bbai.<br \/>\nS\/N A0303190004 &#8211; s\u0113rijas numura identifik\u0101cija.<\/p>\n","protected":false},"excerpt":{"rendered":"<p>Cena bez PVN<\/p>\n<p>Ra\u017eot\u0101js: ATLAS<br \/>\nModelis: AT16040054<br \/>\nIzsaukums: <a href=\"tel:+37060842988\">+37060842988<\/a><br \/>E-pasts: <a href=\"mailto:usedparts@kasima3.bcapps.lt\">usedparts@kasima3.bcapps.lt<\/a><\/p>\n","protected":false},"featured_media":36120,"template":"","meta":{"_et_pb_use_builder":"","_et_pb_old_content":"","_et_gb_content_width":""},"product_brand":[],"product_cat":[484,490,318,452],"product_tag":[],"class_list":{"0":"post-36134","1":"product","2":"type-product","3":"status-publish","4":"has-post-thumbnail","6":"product_cat-atlas-dalas","7":"product_cat-elektronikas-dalas","8":"product_cat-lietotas-detalas","9":"product_cat-celtniecibas-tehnikas-dalas","11":"first","12":"instock","13":"taxable","14":"shipping-taxable","15":"purchasable","16":"product-type-simple"},"_links":{"self":[{"href":"https:\/\/kasima3.bcapps.lt\/lv\/wp-json\/wp\/v2\/product\/36134","targetHints":{"allow":["GET"]}}],"collection":[{"href":"https:\/\/kasima3.bcapps.lt\/lv\/wp-json\/wp\/v2\/product"}],"about":[{"href":"https:\/\/kasima3.bcapps.lt\/lv\/wp-json\/wp\/v2\/types\/product"}],"wp:featuredmedia":[{"embeddable":true,"href":"https:\/\/kasima3.bcapps.lt\/lv\/wp-json\/wp\/v2\/media\/36120"}],"wp:attachment":[{"href":"https:\/\/kasima3.bcapps.lt\/lv\/wp-json\/wp\/v2\/media?parent=36134"}],"wp:term":[{"taxonomy":"product_brand","embeddable":true,"href":"https:\/\/kasima3.bcapps.lt\/lv\/wp-json\/wp\/v2\/product_brand?post=36134"},{"taxonomy":"product_cat","embeddable":true,"href":"https:\/\/kasima3.bcapps.lt\/lv\/wp-json\/wp\/v2\/product_cat?post=36134"},{"taxonomy":"product_tag","embeddable":true,"href":"https:\/\/kasima3.bcapps.lt\/lv\/wp-json\/wp\/v2\/product_tag?post=36134"}],"curies":[{"name":"wp","href":"https:\/\/api.w.org\/{rel}","templated":true}]}}