{"id":36274,"date":"2025-02-11T12:38:30","date_gmt":"2025-02-11T12:38:30","guid":{"rendered":"https:\/\/kasima.lt\/produktas\/volvo-ec210blc-sonine-pavara\/"},"modified":"2025-10-29T08:33:34","modified_gmt":"2025-10-29T08:33:34","slug":"volvo-ec210blc-sonine-pavara","status":"publish","type":"product","link":"https:\/\/kasima3.bcapps.lt\/lv\/produktas\/volvo-ec210blc-sonine-pavara\/","title":{"rendered":"Volvo EC210BLC gal\u012bgais p\u0101rnesums"},"content":{"rendered":"<p>Lietots ori\u0123in\u0101ls, piln\u012bb\u0101 funkcion\u0113jo\u0161s gala p\u0101rnesumk\u0101rba, kas nodro\u0161ina optim\u0101lu jaudas p\u0101rnesi un efekt\u012bvu ma\u0161\u012bnas darb\u012bbu.<br \/>\nDeta\u013cu numuri:<br \/>\nVOE14528733 &#8211; ori\u0123in\u0101la Volvo gala p\u0101rvada deta\u013cas numurs.<br \/>\nVOE14533651 &#8211; alternat\u012bvas\/aizst\u0101j\u0113jas da\u013cas numurs.<br \/>\nSA 7117-30030 &#8211; Ra\u017eot\u0101ja atsauces numurs.<br \/>\n3G8710 &#8211; papildu s\u0113rijas numurs.<br \/>\nVOE14880006 &#8211; atjaunin\u0101ta sader\u012bbas nor\u0101de.<br \/>\nEM140V-82\/140-4 &#8211; tehnisk\u0101s specifik\u0101cijas kods.<\/p>\n","protected":false},"excerpt":{"rendered":"<p>Cena bez PVN<\/p>\n<p>Ra\u017eot\u0101js: VOLVO<br \/>\nModelis: EC210BLC0004<br \/>\nIzsaukums: <a href=\"tel:+37060842988\">+37060842988<\/a><br \/>E-pasts: <a href=\"mailto:usedparts@kasima3.bcapps.lt\">usedparts@kasima3.bcapps.lt<\/a><\/p>\n","protected":false},"featured_media":36245,"template":"","meta":{"_et_pb_use_builder":"","_et_pb_old_content":"","_et_gb_content_width":""},"product_brand":[],"product_cat":[398,318,452],"product_tag":[],"class_list":{"0":"post-36274","1":"product","2":"type-product","3":"status-publish","4":"has-post-thumbnail","6":"product_cat-volvo-dalas","7":"product_cat-lietotas-detalas","8":"product_cat-celtniecibas-tehnikas-dalas","10":"first","11":"instock","12":"taxable","13":"shipping-taxable","14":"purchasable","15":"product-type-simple"},"_links":{"self":[{"href":"https:\/\/kasima3.bcapps.lt\/lv\/wp-json\/wp\/v2\/product\/36274","targetHints":{"allow":["GET"]}}],"collection":[{"href":"https:\/\/kasima3.bcapps.lt\/lv\/wp-json\/wp\/v2\/product"}],"about":[{"href":"https:\/\/kasima3.bcapps.lt\/lv\/wp-json\/wp\/v2\/types\/product"}],"wp:featuredmedia":[{"embeddable":true,"href":"https:\/\/kasima3.bcapps.lt\/lv\/wp-json\/wp\/v2\/media\/36245"}],"wp:attachment":[{"href":"https:\/\/kasima3.bcapps.lt\/lv\/wp-json\/wp\/v2\/media?parent=36274"}],"wp:term":[{"taxonomy":"product_brand","embeddable":true,"href":"https:\/\/kasima3.bcapps.lt\/lv\/wp-json\/wp\/v2\/product_brand?post=36274"},{"taxonomy":"product_cat","embeddable":true,"href":"https:\/\/kasima3.bcapps.lt\/lv\/wp-json\/wp\/v2\/product_cat?post=36274"},{"taxonomy":"product_tag","embeddable":true,"href":"https:\/\/kasima3.bcapps.lt\/lv\/wp-json\/wp\/v2\/product_tag?post=36274"}],"curies":[{"name":"wp","href":"https:\/\/api.w.org\/{rel}","templated":true}]}}