{"id":36419,"date":"2025-02-12T06:15:54","date_gmt":"2025-02-12T06:15:54","guid":{"rendered":"https:\/\/kasima.lt\/produktas\/volvo-ec210blc-oro-filtras\/"},"modified":"2025-10-29T08:33:35","modified_gmt":"2025-10-29T08:33:35","slug":"volvo-ec210blc-oro-filtras","status":"publish","type":"product","link":"https:\/\/kasima3.bcapps.lt\/lv\/produktas\/volvo-ec210blc-oro-filtras\/","title":{"rendered":"Volvo EC210BLC gaisa filtrs"},"content":{"rendered":"<p>Lietots ori\u0123in\u0101ls Volvo EC210BLC gaisa filtrs, piln\u012bb\u0101 funkcion\u0113jo\u0161s, lai nodro\u0161in\u0101tu t\u012bru gaisa pl\u016bsmu.<br \/>\nDeta\u013cu numuri:<br \/>\nVOE 14510586 &#8211; Gaisa t\u012br\u012bt\u0101ja korpuss.<br \/>\nVOE 11110175 &#8211; prim\u0101rais gaisa filtrs.<br \/>\nVOE 11110176 &#8211; Dro\u0161\u012bbas gaisa filtrs.<\/p>\n","protected":false},"excerpt":{"rendered":"<p>Cena bez PVN<\/p>\n<p>Ra\u017eot\u0101js: VOLVO<br \/>\nModelis:EC210BLC0034<br \/>\nIzsaukums: <a href=\"tel:+37060842988\">+37060842988<\/a><br \/>E-pasts: <a href=\"mailto:usedparts@kasima3.bcapps.lt\">usedparts@kasima3.bcapps.lt<\/a><\/p>\n","protected":false},"featured_media":36400,"template":"","meta":{"_et_pb_use_builder":"","_et_pb_old_content":"","_et_gb_content_width":""},"product_brand":[],"product_cat":[398,318,452],"product_tag":[],"class_list":{"0":"post-36419","1":"product","2":"type-product","3":"status-publish","4":"has-post-thumbnail","6":"product_cat-volvo-dalas","7":"product_cat-lietotas-detalas","8":"product_cat-celtniecibas-tehnikas-dalas","10":"first","11":"instock","12":"taxable","13":"shipping-taxable","14":"purchasable","15":"product-type-simple"},"_links":{"self":[{"href":"https:\/\/kasima3.bcapps.lt\/lv\/wp-json\/wp\/v2\/product\/36419","targetHints":{"allow":["GET"]}}],"collection":[{"href":"https:\/\/kasima3.bcapps.lt\/lv\/wp-json\/wp\/v2\/product"}],"about":[{"href":"https:\/\/kasima3.bcapps.lt\/lv\/wp-json\/wp\/v2\/types\/product"}],"wp:featuredmedia":[{"embeddable":true,"href":"https:\/\/kasima3.bcapps.lt\/lv\/wp-json\/wp\/v2\/media\/36400"}],"wp:attachment":[{"href":"https:\/\/kasima3.bcapps.lt\/lv\/wp-json\/wp\/v2\/media?parent=36419"}],"wp:term":[{"taxonomy":"product_brand","embeddable":true,"href":"https:\/\/kasima3.bcapps.lt\/lv\/wp-json\/wp\/v2\/product_brand?post=36419"},{"taxonomy":"product_cat","embeddable":true,"href":"https:\/\/kasima3.bcapps.lt\/lv\/wp-json\/wp\/v2\/product_cat?post=36419"},{"taxonomy":"product_tag","embeddable":true,"href":"https:\/\/kasima3.bcapps.lt\/lv\/wp-json\/wp\/v2\/product_tag?post=36419"}],"curies":[{"name":"wp","href":"https:\/\/api.w.org\/{rel}","templated":true}]}}