{"id":36539,"date":"2025-02-12T07:57:00","date_gmt":"2025-02-12T07:57:00","guid":{"rendered":"https:\/\/kasima.lt\/produktas\/sanden-a-c-kompresorius\/"},"modified":"2025-10-29T08:33:36","modified_gmt":"2025-10-29T08:33:36","slug":"sanden-a-c-kompresorius","status":"publish","type":"product","link":"https:\/\/kasima3.bcapps.lt\/lv\/produktas\/sanden-a-c-kompresorius\/","title":{"rendered":"Sanden A\/C kompresors"},"content":{"rendered":"<p>Sanden SD7H15 A\/C kompresors ir lietots, bet piln\u012bb\u0101 funkcion\u0113jo\u0161s, no\u0146emts no Volvo EC210BLC.<br \/>\nDeta\u013cu numuri:<br \/>\nVOE 14506862 &#8211; Volvo A\/C kompresora rezerves da\u013cas numurs.<br \/>\nSD7H15 &#8211; 8152 &#8211; Sanden mode\u013ca numurs.<br \/>\n1635004332 &#8211; atsauces numurs.<br \/>\nB709S36 &#8211; papildu identifik\u0101cijas numurs.<\/p>\n","protected":false},"excerpt":{"rendered":"<p>Cena bez PVN<\/p>\n<p>Ra\u017eot\u0101js: SANDEN<br \/>\nModelis:EC210BLC0044<br \/>\nIzsaukums:<a href=\"tel:+37060842988\"> +37060842988<\/a><br \/>E-pasts: <a href=\"mailto:usedparts@kasima3.bcapps.lt\">usedparts@kasima3.bcapps.lt<\/a><\/p>\n","protected":false},"featured_media":36525,"template":"","meta":{"_et_pb_use_builder":"","_et_pb_old_content":"","_et_gb_content_width":""},"product_brand":[],"product_cat":[398,490,318,452],"product_tag":[],"class_list":{"0":"post-36539","1":"product","2":"type-product","3":"status-publish","4":"has-post-thumbnail","6":"product_cat-volvo-dalas","7":"product_cat-elektronikas-dalas","8":"product_cat-lietotas-detalas","9":"product_cat-celtniecibas-tehnikas-dalas","11":"first","12":"instock","13":"taxable","14":"shipping-taxable","15":"purchasable","16":"product-type-simple"},"_links":{"self":[{"href":"https:\/\/kasima3.bcapps.lt\/lv\/wp-json\/wp\/v2\/product\/36539","targetHints":{"allow":["GET"]}}],"collection":[{"href":"https:\/\/kasima3.bcapps.lt\/lv\/wp-json\/wp\/v2\/product"}],"about":[{"href":"https:\/\/kasima3.bcapps.lt\/lv\/wp-json\/wp\/v2\/types\/product"}],"wp:featuredmedia":[{"embeddable":true,"href":"https:\/\/kasima3.bcapps.lt\/lv\/wp-json\/wp\/v2\/media\/36525"}],"wp:attachment":[{"href":"https:\/\/kasima3.bcapps.lt\/lv\/wp-json\/wp\/v2\/media?parent=36539"}],"wp:term":[{"taxonomy":"product_brand","embeddable":true,"href":"https:\/\/kasima3.bcapps.lt\/lv\/wp-json\/wp\/v2\/product_brand?post=36539"},{"taxonomy":"product_cat","embeddable":true,"href":"https:\/\/kasima3.bcapps.lt\/lv\/wp-json\/wp\/v2\/product_cat?post=36539"},{"taxonomy":"product_tag","embeddable":true,"href":"https:\/\/kasima3.bcapps.lt\/lv\/wp-json\/wp\/v2\/product_tag?post=36539"}],"curies":[{"name":"wp","href":"https:\/\/api.w.org\/{rel}","templated":true}]}}