{"id":36619,"date":"2025-02-12T08:41:11","date_gmt":"2025-02-12T08:41:11","guid":{"rendered":"https:\/\/kasima.lt\/produktas\/volvo-ec210blc-saugikliu-dezute\/"},"modified":"2025-10-29T08:33:37","modified_gmt":"2025-10-29T08:33:37","slug":"volvo-ec210blc-saugikliu-dezute","status":"publish","type":"product","link":"https:\/\/kasima3.bcapps.lt\/lv\/produktas\/volvo-ec210blc-saugikliu-dezute\/","title":{"rendered":"Volvo EC210BLC dro\u0161in\u0101t\u0101ju k\u0101rba"},"content":{"rendered":"<p>\u0160\u012b ori\u0123in\u0101l\u0101 Volvo EC210BLC dro\u0161in\u0101t\u0101ju k\u0101rba ir lietota, bet piln\u012bb\u0101 funkcion\u0113jo\u0161a.<br \/>\nDeta\u013cu numuri:<br \/>\nVOE 14508645 &#8211; dro\u0161in\u0101t\u0101ju k\u0101rba<br \/>\nSA1123-02341 &#8211; p\u0101rveidot\u0101js<br \/>\nVOE 14508626 &#8211; t\u012br\u012bt\u0101ju vad\u012bbas ier\u012bce<\/p>\n","protected":false},"excerpt":{"rendered":"<p>Cena bez PVN<\/p>\n<p>Ra\u017eot\u0101js: VOLVO<br \/>\nModelis:EC210BLC0054<br \/>\nIzsaukums: <a href=\"tel:+37060842988\">+37060842988<\/a><br \/>E-pasts: <a href=\"mailto:usedparts@kasima3.bcapps.lt\">usedparts@kasima3.bcapps.lt<\/a><\/p>\n","protected":false},"featured_media":36605,"template":"","meta":{"_et_pb_use_builder":"","_et_pb_old_content":"","_et_gb_content_width":""},"product_brand":[],"product_cat":[398,490,318,452],"product_tag":[],"class_list":{"0":"post-36619","1":"product","2":"type-product","3":"status-publish","4":"has-post-thumbnail","6":"product_cat-volvo-dalas","7":"product_cat-elektronikas-dalas","8":"product_cat-lietotas-detalas","9":"product_cat-celtniecibas-tehnikas-dalas","11":"first","12":"instock","13":"taxable","14":"shipping-taxable","15":"purchasable","16":"product-type-simple"},"_links":{"self":[{"href":"https:\/\/kasima3.bcapps.lt\/lv\/wp-json\/wp\/v2\/product\/36619","targetHints":{"allow":["GET"]}}],"collection":[{"href":"https:\/\/kasima3.bcapps.lt\/lv\/wp-json\/wp\/v2\/product"}],"about":[{"href":"https:\/\/kasima3.bcapps.lt\/lv\/wp-json\/wp\/v2\/types\/product"}],"wp:featuredmedia":[{"embeddable":true,"href":"https:\/\/kasima3.bcapps.lt\/lv\/wp-json\/wp\/v2\/media\/36605"}],"wp:attachment":[{"href":"https:\/\/kasima3.bcapps.lt\/lv\/wp-json\/wp\/v2\/media?parent=36619"}],"wp:term":[{"taxonomy":"product_brand","embeddable":true,"href":"https:\/\/kasima3.bcapps.lt\/lv\/wp-json\/wp\/v2\/product_brand?post=36619"},{"taxonomy":"product_cat","embeddable":true,"href":"https:\/\/kasima3.bcapps.lt\/lv\/wp-json\/wp\/v2\/product_cat?post=36619"},{"taxonomy":"product_tag","embeddable":true,"href":"https:\/\/kasima3.bcapps.lt\/lv\/wp-json\/wp\/v2\/product_tag?post=36619"}],"curies":[{"name":"wp","href":"https:\/\/api.w.org\/{rel}","templated":true}]}}