{"id":36684,"date":"2025-02-12T09:27:11","date_gmt":"2025-02-12T09:27:11","guid":{"rendered":"https:\/\/kasima.lt\/produktas\/volvo-ec210blc-elektromagnetinis-voztuvas\/"},"modified":"2025-10-29T08:33:37","modified_gmt":"2025-10-29T08:33:37","slug":"volvo-ec210blc-elektromagnetinis-voztuvas","status":"publish","type":"product","link":"https:\/\/kasima3.bcapps.lt\/lv\/produktas\/volvo-ec210blc-elektromagnetinis-voztuvas\/","title":{"rendered":"Elektromagn\u0113tiskais v\u0101rsts Volvo EC210BLC"},"content":{"rendered":"<p>\u0160is ori\u0123in\u0101lais Volvo EC210BLC elektromagn\u0113tiskais v\u0101rsts ir lietots, bet piln\u012bb\u0101 funkcion\u0113jo\u0161s.<br \/>\nDeta\u013cu numuri:<br \/>\nZS-T02-A100P-MD28G-J3-21A<br \/>\nSA 1148-00041<br \/>\nVOE 14500438<br \/>\nVOE 14503076<\/p>\n","protected":false},"excerpt":{"rendered":"<p>Cena bez PVN<\/p>\n<p>Ra\u017eot\u0101js: VOLVO<br \/>\nModelis:EC210BLC0056<br \/>\nIzsaukums: <a href=\"tel:+37060842988\">+37060842988<\/a><br \/>E-pasts:<a href=\"mailto:usedparts@kasima3.bcapps.lt\"> usedparts@kasima3.bcapps.lt<\/a><\/p>\n","protected":false},"featured_media":36675,"template":"","meta":{"_et_pb_use_builder":"","_et_pb_old_content":"","_et_gb_content_width":""},"product_brand":[],"product_cat":[398,490,318,452],"product_tag":[],"class_list":{"0":"post-36684","1":"product","2":"type-product","3":"status-publish","4":"has-post-thumbnail","6":"product_cat-volvo-dalas","7":"product_cat-elektronikas-dalas","8":"product_cat-lietotas-detalas","9":"product_cat-celtniecibas-tehnikas-dalas","11":"first","12":"instock","13":"taxable","14":"shipping-taxable","15":"purchasable","16":"product-type-simple"},"_links":{"self":[{"href":"https:\/\/kasima3.bcapps.lt\/lv\/wp-json\/wp\/v2\/product\/36684","targetHints":{"allow":["GET"]}}],"collection":[{"href":"https:\/\/kasima3.bcapps.lt\/lv\/wp-json\/wp\/v2\/product"}],"about":[{"href":"https:\/\/kasima3.bcapps.lt\/lv\/wp-json\/wp\/v2\/types\/product"}],"wp:featuredmedia":[{"embeddable":true,"href":"https:\/\/kasima3.bcapps.lt\/lv\/wp-json\/wp\/v2\/media\/36675"}],"wp:attachment":[{"href":"https:\/\/kasima3.bcapps.lt\/lv\/wp-json\/wp\/v2\/media?parent=36684"}],"wp:term":[{"taxonomy":"product_brand","embeddable":true,"href":"https:\/\/kasima3.bcapps.lt\/lv\/wp-json\/wp\/v2\/product_brand?post=36684"},{"taxonomy":"product_cat","embeddable":true,"href":"https:\/\/kasima3.bcapps.lt\/lv\/wp-json\/wp\/v2\/product_cat?post=36684"},{"taxonomy":"product_tag","embeddable":true,"href":"https:\/\/kasima3.bcapps.lt\/lv\/wp-json\/wp\/v2\/product_tag?post=36684"}],"curies":[{"name":"wp","href":"https:\/\/api.w.org\/{rel}","templated":true}]}}