{"id":36786,"date":"2025-02-14T08:55:27","date_gmt":"2025-02-14T08:55:27","guid":{"rendered":"https:\/\/kasima.lt\/produktas\/volvo-ec210blc-streles-virsutinis-cilindras\/"},"modified":"2025-10-29T08:33:38","modified_gmt":"2025-10-29T08:33:38","slug":"volvo-ec210blc-streles-virsutinis-cilindras","status":"publish","type":"product","link":"https:\/\/kasima3.bcapps.lt\/lv\/produktas\/volvo-ec210blc-streles-virsutinis-cilindras\/","title":{"rendered":"Str\u0113les aug\u0161\u0113jais cilindrs Volvo EC210BLC"},"content":{"rendered":"<p>\u0160is ori\u0123in\u0101lais Volvo EC210BLC str\u0113les aug\u0161\u0113jais cilindrs ir lietots, bet piln\u012bb\u0101 funkcion\u0113jo\u0161s.<br \/>\nDeta\u013cu numuri:<br \/>\nVOE 14512432<br \/>\nVOE 14514852<br \/>\nVOE 14512429<br \/>\nVOE 14514850<\/p>\n","protected":false},"excerpt":{"rendered":"<p>Cena bez PVN<\/p>\n<p>Ra\u017eot\u0101js: VOLVO<br \/>\nModelis:EC210BLC0010<br \/>\nIzsaukums: <a href=\"tel:+37060842988\">+37060842988<br \/><\/a>E-pasts: <a href=\"mailto:usedparts@kasima3.bcapps.lt\">usedparts@kasima3.bcapps.lt<\/a><\/p>\n","protected":false},"featured_media":36752,"template":"","meta":{"_et_pb_use_builder":"","_et_pb_old_content":"","_et_gb_content_width":""},"product_brand":[],"product_cat":[398,318,452],"product_tag":[],"class_list":{"0":"post-36786","1":"product","2":"type-product","3":"status-publish","4":"has-post-thumbnail","6":"product_cat-volvo-dalas","7":"product_cat-lietotas-detalas","8":"product_cat-celtniecibas-tehnikas-dalas","10":"first","11":"instock","12":"taxable","13":"shipping-taxable","14":"purchasable","15":"product-type-simple"},"_links":{"self":[{"href":"https:\/\/kasima3.bcapps.lt\/lv\/wp-json\/wp\/v2\/product\/36786","targetHints":{"allow":["GET"]}}],"collection":[{"href":"https:\/\/kasima3.bcapps.lt\/lv\/wp-json\/wp\/v2\/product"}],"about":[{"href":"https:\/\/kasima3.bcapps.lt\/lv\/wp-json\/wp\/v2\/types\/product"}],"wp:featuredmedia":[{"embeddable":true,"href":"https:\/\/kasima3.bcapps.lt\/lv\/wp-json\/wp\/v2\/media\/36752"}],"wp:attachment":[{"href":"https:\/\/kasima3.bcapps.lt\/lv\/wp-json\/wp\/v2\/media?parent=36786"}],"wp:term":[{"taxonomy":"product_brand","embeddable":true,"href":"https:\/\/kasima3.bcapps.lt\/lv\/wp-json\/wp\/v2\/product_brand?post=36786"},{"taxonomy":"product_cat","embeddable":true,"href":"https:\/\/kasima3.bcapps.lt\/lv\/wp-json\/wp\/v2\/product_cat?post=36786"},{"taxonomy":"product_tag","embeddable":true,"href":"https:\/\/kasima3.bcapps.lt\/lv\/wp-json\/wp\/v2\/product_tag?post=36786"}],"curies":[{"name":"wp","href":"https:\/\/api.w.org\/{rel}","templated":true}]}}