{"id":37528,"date":"2025-02-20T09:35:05","date_gmt":"2025-02-20T09:35:05","guid":{"rendered":"https:\/\/kasima.lt\/produktas\/rexroth-krypties-valdymo-voztuvas-2\/"},"modified":"2025-10-29T08:33:44","modified_gmt":"2025-10-29T08:33:44","slug":"rexroth-krypties-valdymo-voztuvas-2","status":"publish","type":"product","link":"https:\/\/kasima3.bcapps.lt\/lv\/produktas\/rexroth-krypties-valdymo-voztuvas-2\/","title":{"rendered":"Rexroth virziena vad\u012bbas v\u0101rsts"},"content":{"rendered":"<p>\u0160\u012b ori\u0123in\u0101l\u0101 Bosch Rexroth deta\u013ca ir lietota, bet piln\u012bb\u0101 funkcion\u0113jo\u0161a, no\u0146emta no Volvo EC210BLC.<br \/>\nDeta\u013cas numurs:<br \/>\nL7214116AIOB010<br \/>\nG\/25-0003 (v\u0101rsta numurs)<br \/>\nPieejamas 2 vien\u012bbas, cena par vien\u012bbu<\/p>\n","protected":false},"excerpt":{"rendered":"<p>Cena bez PVN<\/p>\n<p>Ra\u017eot\u0101js: REXROTH<br \/>\nModelis: EC210BLC0066<br \/>\nIzsaukums: <a href=\"tel:+37060842988\">+37060842988<br \/><\/a>E-pasts: <a href=\"mailto:usedparts@kasima3.bcapps.lt\">usedparts@kasima3.bcapps.lt<\/a><\/p>\n","protected":false},"featured_media":37489,"template":"","meta":{"_et_pb_use_builder":"","_et_pb_old_content":"","_et_gb_content_width":""},"product_brand":[],"product_cat":[398,490,318,452],"product_tag":[],"class_list":{"0":"post-37528","1":"product","2":"type-product","3":"status-publish","4":"has-post-thumbnail","6":"product_cat-volvo-dalas","7":"product_cat-elektronikas-dalas","8":"product_cat-lietotas-detalas","9":"product_cat-celtniecibas-tehnikas-dalas","11":"first","12":"instock","13":"taxable","14":"shipping-taxable","15":"purchasable","16":"product-type-simple"},"_links":{"self":[{"href":"https:\/\/kasima3.bcapps.lt\/lv\/wp-json\/wp\/v2\/product\/37528","targetHints":{"allow":["GET"]}}],"collection":[{"href":"https:\/\/kasima3.bcapps.lt\/lv\/wp-json\/wp\/v2\/product"}],"about":[{"href":"https:\/\/kasima3.bcapps.lt\/lv\/wp-json\/wp\/v2\/types\/product"}],"wp:featuredmedia":[{"embeddable":true,"href":"https:\/\/kasima3.bcapps.lt\/lv\/wp-json\/wp\/v2\/media\/37489"}],"wp:attachment":[{"href":"https:\/\/kasima3.bcapps.lt\/lv\/wp-json\/wp\/v2\/media?parent=37528"}],"wp:term":[{"taxonomy":"product_brand","embeddable":true,"href":"https:\/\/kasima3.bcapps.lt\/lv\/wp-json\/wp\/v2\/product_brand?post=37528"},{"taxonomy":"product_cat","embeddable":true,"href":"https:\/\/kasima3.bcapps.lt\/lv\/wp-json\/wp\/v2\/product_cat?post=37528"},{"taxonomy":"product_tag","embeddable":true,"href":"https:\/\/kasima3.bcapps.lt\/lv\/wp-json\/wp\/v2\/product_tag?post=37528"}],"curies":[{"name":"wp","href":"https:\/\/api.w.org\/{rel}","templated":true}]}}