{"id":37794,"date":"2025-02-25T13:09:11","date_gmt":"2025-02-25T13:09:11","guid":{"rendered":"https:\/\/kasima.lt\/produktas\/volvo-ec210blc-kaires-puses-kebulo-durys\/"},"modified":"2025-10-29T08:33:47","modified_gmt":"2025-10-29T08:33:47","slug":"volvo-ec210blc-kaires-puses-kebulo-durys","status":"publish","type":"product","link":"https:\/\/kasima3.bcapps.lt\/lv\/produktas\/volvo-ec210blc-kaires-puses-kebulo-durys\/","title":{"rendered":"Volvo EC210BLC Virsb\u016bves kreis\u0101s puses durvis"},"content":{"rendered":"<p>\u0160\u012b deta\u013ca ir lietota, bet piln\u012bb\u0101 funkcion\u0113jo\u0161a, bez plais\u0101m vai \u0161uv\u0113m, no\u0146emta no Volvo EC210BLC ekskavatora.<br \/>\nDeta\u013cas numurs:<br \/>\nVOE 14512360<br \/>\nVOE 14508850<\/p>\n","protected":false},"excerpt":{"rendered":"<p>Cena bez PVN<\/p>\n<p>Ra\u017eot\u0101js: VOLVO<br \/>\nModelis:EC210BLC0072<br \/>\nIzsaukums: <a href=\"tel:+37060842988\">+37060842988<br \/><\/a>E-pasts: <a href=\"mailto:usedparts@kasima3.bcapps.lt\">usedparts@kasima3.bcapps.lt<\/a><\/p>\n","protected":false},"featured_media":37780,"template":"","meta":{"_et_pb_use_builder":"","_et_pb_old_content":"","_et_gb_content_width":""},"product_brand":[],"product_cat":[398,318,452],"product_tag":[],"class_list":{"0":"post-37794","1":"product","2":"type-product","3":"status-publish","4":"has-post-thumbnail","6":"product_cat-volvo-dalas","7":"product_cat-lietotas-detalas","8":"product_cat-celtniecibas-tehnikas-dalas","10":"first","11":"instock","12":"taxable","13":"shipping-taxable","14":"purchasable","15":"product-type-simple"},"_links":{"self":[{"href":"https:\/\/kasima3.bcapps.lt\/lv\/wp-json\/wp\/v2\/product\/37794","targetHints":{"allow":["GET"]}}],"collection":[{"href":"https:\/\/kasima3.bcapps.lt\/lv\/wp-json\/wp\/v2\/product"}],"about":[{"href":"https:\/\/kasima3.bcapps.lt\/lv\/wp-json\/wp\/v2\/types\/product"}],"wp:featuredmedia":[{"embeddable":true,"href":"https:\/\/kasima3.bcapps.lt\/lv\/wp-json\/wp\/v2\/media\/37780"}],"wp:attachment":[{"href":"https:\/\/kasima3.bcapps.lt\/lv\/wp-json\/wp\/v2\/media?parent=37794"}],"wp:term":[{"taxonomy":"product_brand","embeddable":true,"href":"https:\/\/kasima3.bcapps.lt\/lv\/wp-json\/wp\/v2\/product_brand?post=37794"},{"taxonomy":"product_cat","embeddable":true,"href":"https:\/\/kasima3.bcapps.lt\/lv\/wp-json\/wp\/v2\/product_cat?post=37794"},{"taxonomy":"product_tag","embeddable":true,"href":"https:\/\/kasima3.bcapps.lt\/lv\/wp-json\/wp\/v2\/product_tag?post=37794"}],"curies":[{"name":"wp","href":"https:\/\/api.w.org\/{rel}","templated":true}]}}