{"id":39031,"date":"2025-03-06T12:00:46","date_gmt":"2025-03-06T12:00:46","guid":{"rendered":"https:\/\/kasima.lt\/produktas\/volvo-ec210blc-kabinos-apdailos-paneles\/"},"modified":"2025-10-29T08:33:55","modified_gmt":"2025-10-29T08:33:55","slug":"volvo-ec210blc-kabinos-apdailos-paneles","status":"publish","type":"product","link":"https:\/\/kasima3.bcapps.lt\/lv\/produktas\/volvo-ec210blc-kabinos-apdailos-paneles\/","title":{"rendered":"Volvo EC210BLC kab\u012bnes pane\u013ci"},"content":{"rendered":"<p>\u0160\u012bs ori\u0123in\u0101l\u0101s da\u013cas ir lietotas, bet lielisk\u0101 st\u0101vokl\u012b<br \/>\nNo\u0146emtas no Volvo EC210BLC , 2003. g.<br \/>\nDeta\u013cas numurs:<br \/>\nVOE 14506839<br \/>\nVOE 14506840<br \/>\nVOE 14517015<br \/>\nVOE 14517762<br \/>\nVOE 14506796<br \/>\nVOE 14506797<br \/>\nVOE 14517760<br \/>\nVOE 14506864<br \/>\nVOE 14508617<br \/>\nVOE 14514124<br \/>\nVOE 14508318<br \/>\nVOE 14508088<\/p>\n","protected":false},"excerpt":{"rendered":"<p>Cena bez PVN<\/p>\n<p>Ra\u017eot\u0101js: VOLVO<br \/>\nModelis:EC210BLC0082<br \/>\nIzsaukums: <a href=\"tel:+37060842988\">+37060842988<br \/><\/a>E-pasts: <a href=\"mailto:usedparts@kasima3.bcapps.lt\">usedparts@kasima3.bcapps.lt<\/a><\/p>\n","protected":false},"featured_media":38997,"template":"","meta":{"_et_pb_use_builder":"","_et_pb_old_content":"","_et_gb_content_width":""},"product_brand":[],"product_cat":[398,318,452],"product_tag":[],"class_list":{"0":"post-39031","1":"product","2":"type-product","3":"status-publish","4":"has-post-thumbnail","6":"product_cat-volvo-dalas","7":"product_cat-lietotas-detalas","8":"product_cat-celtniecibas-tehnikas-dalas","10":"first","11":"instock","12":"taxable","13":"shipping-taxable","14":"product-type-simple"},"_links":{"self":[{"href":"https:\/\/kasima3.bcapps.lt\/lv\/wp-json\/wp\/v2\/product\/39031","targetHints":{"allow":["GET"]}}],"collection":[{"href":"https:\/\/kasima3.bcapps.lt\/lv\/wp-json\/wp\/v2\/product"}],"about":[{"href":"https:\/\/kasima3.bcapps.lt\/lv\/wp-json\/wp\/v2\/types\/product"}],"wp:featuredmedia":[{"embeddable":true,"href":"https:\/\/kasima3.bcapps.lt\/lv\/wp-json\/wp\/v2\/media\/38997"}],"wp:attachment":[{"href":"https:\/\/kasima3.bcapps.lt\/lv\/wp-json\/wp\/v2\/media?parent=39031"}],"wp:term":[{"taxonomy":"product_brand","embeddable":true,"href":"https:\/\/kasima3.bcapps.lt\/lv\/wp-json\/wp\/v2\/product_brand?post=39031"},{"taxonomy":"product_cat","embeddable":true,"href":"https:\/\/kasima3.bcapps.lt\/lv\/wp-json\/wp\/v2\/product_cat?post=39031"},{"taxonomy":"product_tag","embeddable":true,"href":"https:\/\/kasima3.bcapps.lt\/lv\/wp-json\/wp\/v2\/product_tag?post=39031"}],"curies":[{"name":"wp","href":"https:\/\/api.w.org\/{rel}","templated":true}]}}