{"id":39106,"date":"2025-03-06T14:23:11","date_gmt":"2025-03-06T14:23:11","guid":{"rendered":"https:\/\/kasima.lt\/produktas\/danfoss-valdymo-svirtis\/"},"modified":"2025-10-29T08:33:56","modified_gmt":"2025-10-29T08:33:56","slug":"danfoss-valdymo-svirtis","status":"publish","type":"product","link":"https:\/\/kasima3.bcapps.lt\/lv\/produktas\/danfoss-valdymo-svirtis\/","title":{"rendered":"Danfoss vad\u012bbas pults"},"content":{"rendered":"<p>\u0160\u012b ori\u0123in\u0101l\u0101 deta\u013ca ir lietota, bet ir lielisk\u0101 st\u0101vokl\u012b.<br \/>\nNo\u0146emts no Dieci teleskopisk\u0101 manipulatora<br \/>\nDeta\u013cas numurs:<br \/>\n162F1103<br \/>\n2280221<\/p>\n","protected":false},"excerpt":{"rendered":"<p>Cena bez PVN<\/p>\n<p>Ra\u017eot\u0101js: DANFOSS<br \/>\nModelis: KND0082<br \/>\nIzsaukums: <a href=\"tel:+37060842988\">+37060842988<br \/><\/a>E-pasts: <a href=\"mailto:usedparts@kasima3.bcapps.lt\">usedparts@kasima3.bcapps.lt<\/a><\/p>\n","protected":false},"featured_media":39067,"template":"","meta":{"_et_pb_use_builder":"","_et_pb_old_content":"","_et_gb_content_width":""},"product_brand":[],"product_cat":[490,458,318,452],"product_tag":[],"class_list":{"0":"post-39106","1":"product","2":"type-product","3":"status-publish","4":"has-post-thumbnail","6":"product_cat-elektronikas-dalas","7":"product_cat-citas-dalas","8":"product_cat-lietotas-detalas","9":"product_cat-celtniecibas-tehnikas-dalas","11":"first","12":"instock","13":"taxable","14":"shipping-taxable","15":"purchasable","16":"product-type-simple"},"_links":{"self":[{"href":"https:\/\/kasima3.bcapps.lt\/lv\/wp-json\/wp\/v2\/product\/39106","targetHints":{"allow":["GET"]}}],"collection":[{"href":"https:\/\/kasima3.bcapps.lt\/lv\/wp-json\/wp\/v2\/product"}],"about":[{"href":"https:\/\/kasima3.bcapps.lt\/lv\/wp-json\/wp\/v2\/types\/product"}],"wp:featuredmedia":[{"embeddable":true,"href":"https:\/\/kasima3.bcapps.lt\/lv\/wp-json\/wp\/v2\/media\/39067"}],"wp:attachment":[{"href":"https:\/\/kasima3.bcapps.lt\/lv\/wp-json\/wp\/v2\/media?parent=39106"}],"wp:term":[{"taxonomy":"product_brand","embeddable":true,"href":"https:\/\/kasima3.bcapps.lt\/lv\/wp-json\/wp\/v2\/product_brand?post=39106"},{"taxonomy":"product_cat","embeddable":true,"href":"https:\/\/kasima3.bcapps.lt\/lv\/wp-json\/wp\/v2\/product_cat?post=39106"},{"taxonomy":"product_tag","embeddable":true,"href":"https:\/\/kasima3.bcapps.lt\/lv\/wp-json\/wp\/v2\/product_tag?post=39106"}],"curies":[{"name":"wp","href":"https:\/\/api.w.org\/{rel}","templated":true}]}}