{"id":39277,"date":"2025-03-07T09:47:00","date_gmt":"2025-03-07T09:47:00","guid":{"rendered":"https:\/\/kasima.lt\/produktas\/sarnyrinis-savivartis-moxy-mt26\/"},"modified":"2025-10-29T08:33:56","modified_gmt":"2025-10-29T08:33:56","slug":"sarnyrinis-savivartis-moxy-mt26","status":"publish","type":"product","link":"https:\/\/kasima3.bcapps.lt\/lv\/produktas\/sarnyrinis-savivartis-moxy-mt26\/","title":{"rendered":"MOXY MT26 \u0161arn\u012brveida pa\u0161izg\u0101z\u0113js"},"content":{"rendered":"<p>Lietuv\u0101 netika ekspluat\u0113ts,<br \/>\nMoxy MT26 \u0161arn\u012brveida pa\u0161izg\u0101z\u0113js<br \/>\nIzgatavo\u0161anas gads 2002.<br \/>\nDzin\u0113js Scania 216 kw.<br \/>\nMoto stundu skaits 3226, (iesp\u0113jams, nav ori\u0123in\u0101ls).<br \/>\nTransportl\u012bdzek\u013ca pilna masa aptuveni 18500 kg.<br \/>\nCeltsp\u0113ja 26 000 kg.<br \/>\nDefektu skaits: p\u0101rnesumk\u0101rba, izsl\u0113dz 5. p\u0101rnesumu.<\/p>\n<p>S\u012bk\u0101ka inform\u0101cija pa t\u0101lruni vai e-pastu<\/p>\n<p><iframe loading=\"lazy\" title=\"Moxy MT26, 2002 for sale!\" width=\"1080\" height=\"608\" src=\"https:\/\/www.youtube.com\/embed\/atu7XYvqkS4?feature=oembed\"  allow=\"accelerometer; autoplay; clipboard-write; encrypted-media; gyroscope; picture-in-picture; web-share\" referrerpolicy=\"strict-origin-when-cross-origin\" allowfullscreen><\/iframe><\/p>\n<p>&nbsp;<\/p>\n<p>&nbsp;<\/p>\n","protected":false},"excerpt":{"rendered":"<p>Cena bez PVN<\/p>\n<p>Ra\u017eot\u0101js: MOXY<br \/>\nModelis: MT26<br \/>\nZvaniet mums: <a href=\"tel:+37067607071\">+37067607071<br \/>\n<\/a>E-pasts: <a href=\"mailto:sales@kasima3.bcapps.lt\">sales@kasima3.bcapps.lt<\/a><\/p>\n","protected":false},"featured_media":39118,"template":"","meta":{"_et_pb_use_builder":"","_et_pb_old_content":"","_et_gb_content_width":""},"product_brand":[],"product_cat":[208,149],"product_tag":[],"class_list":{"0":"post-39277","1":"product","2":"type-product","3":"status-publish","4":"has-post-thumbnail","6":"product_cat-celu-buvnieciba","7":"product_cat-buvnieciba","9":"first","10":"outofstock","11":"taxable","12":"shipping-taxable","13":"product-type-simple"},"_links":{"self":[{"href":"https:\/\/kasima3.bcapps.lt\/lv\/wp-json\/wp\/v2\/product\/39277","targetHints":{"allow":["GET"]}}],"collection":[{"href":"https:\/\/kasima3.bcapps.lt\/lv\/wp-json\/wp\/v2\/product"}],"about":[{"href":"https:\/\/kasima3.bcapps.lt\/lv\/wp-json\/wp\/v2\/types\/product"}],"wp:featuredmedia":[{"embeddable":true,"href":"https:\/\/kasima3.bcapps.lt\/lv\/wp-json\/wp\/v2\/media\/39118"}],"wp:attachment":[{"href":"https:\/\/kasima3.bcapps.lt\/lv\/wp-json\/wp\/v2\/media?parent=39277"}],"wp:term":[{"taxonomy":"product_brand","embeddable":true,"href":"https:\/\/kasima3.bcapps.lt\/lv\/wp-json\/wp\/v2\/product_brand?post=39277"},{"taxonomy":"product_cat","embeddable":true,"href":"https:\/\/kasima3.bcapps.lt\/lv\/wp-json\/wp\/v2\/product_cat?post=39277"},{"taxonomy":"product_tag","embeddable":true,"href":"https:\/\/kasima3.bcapps.lt\/lv\/wp-json\/wp\/v2\/product_tag?post=39277"}],"curies":[{"name":"wp","href":"https:\/\/api.w.org\/{rel}","templated":true}]}}