{"id":39593,"date":"2025-03-07T14:29:25","date_gmt":"2025-03-07T14:29:25","guid":{"rendered":"https:\/\/kasima.lt\/produktas\/wirtgen-w50-frezavimo-bugnai\/"},"modified":"2025-10-29T08:33:57","modified_gmt":"2025-10-29T08:33:57","slug":"wirtgen-w50-frezavimo-bugnai","status":"publish","type":"product","link":"https:\/\/kasima3.bcapps.lt\/lv\/produktas\/wirtgen-w50-frezavimo-bugnai\/","title":{"rendered":"Wirtgen W50 fr\u0113z\u0113\u0161anas cilindri"},"content":{"rendered":"<p>M\u0113s pied\u0101v\u0101jam lietotus, bet labi uztur\u0113tus ori\u0123in\u0101lus Wirtgen fr\u0113z\u0113\u0161anas velt\u0146us ar gandr\u012bz jaun\u0101m fr\u0113z\u0113\u0161anas galvi\u0146\u0101m, kas nodro\u0161ina ilg\u0101ku nodiluma laiku un optim\u0101lu grie\u0161anas veiktsp\u0113ju.<br \/>\n\u0160ie fr\u0113z\u0113\u0161anas velt\u0146i ir paredz\u0113ti prec\u012bzai asfalta un betona fr\u0113z\u0113\u0161anai, nodro\u0161inot efekt\u012bvu materi\u0101la no\u0146em\u0161anu un gludu apdari.<br \/>\nBungas numurs:<br \/>\nS\/N 36824<br \/>\n177179<br \/>\nS\/N 29666<br \/>189720<\/p>\n","protected":false},"excerpt":{"rendered":"<p>Cena bez PVN<\/p>\n<p>Ra\u017eot\u0101js: WIRTGEN<br \/>\nModelis: KND0081<br \/>\nIzsaukums: <a href=\"tel:+37060842988\">+37060842988<br \/><\/a>E-pasts:<a href=\"mailto:usedparts@kasima3.bcapps.lt\"> usedparts@kasima3.bcapps.lt<\/a><\/p>\n","protected":false},"featured_media":39509,"template":"","meta":{"_et_pb_use_builder":"","_et_pb_old_content":"","_et_gb_content_width":""},"product_brand":[],"product_cat":[258,318,452],"product_tag":[],"class_list":{"0":"post-39593","1":"product","2":"type-product","3":"status-publish","4":"has-post-thumbnail","6":"product_cat-asfalta-griezejs","7":"product_cat-lietotas-detalas","8":"product_cat-celtniecibas-tehnikas-dalas","10":"first","11":"instock","12":"taxable","13":"shipping-taxable","14":"product-type-simple"},"_links":{"self":[{"href":"https:\/\/kasima3.bcapps.lt\/lv\/wp-json\/wp\/v2\/product\/39593","targetHints":{"allow":["GET"]}}],"collection":[{"href":"https:\/\/kasima3.bcapps.lt\/lv\/wp-json\/wp\/v2\/product"}],"about":[{"href":"https:\/\/kasima3.bcapps.lt\/lv\/wp-json\/wp\/v2\/types\/product"}],"wp:featuredmedia":[{"embeddable":true,"href":"https:\/\/kasima3.bcapps.lt\/lv\/wp-json\/wp\/v2\/media\/39509"}],"wp:attachment":[{"href":"https:\/\/kasima3.bcapps.lt\/lv\/wp-json\/wp\/v2\/media?parent=39593"}],"wp:term":[{"taxonomy":"product_brand","embeddable":true,"href":"https:\/\/kasima3.bcapps.lt\/lv\/wp-json\/wp\/v2\/product_brand?post=39593"},{"taxonomy":"product_cat","embeddable":true,"href":"https:\/\/kasima3.bcapps.lt\/lv\/wp-json\/wp\/v2\/product_cat?post=39593"},{"taxonomy":"product_tag","embeddable":true,"href":"https:\/\/kasima3.bcapps.lt\/lv\/wp-json\/wp\/v2\/product_tag?post=39593"}],"curies":[{"name":"wp","href":"https:\/\/api.w.org\/{rel}","templated":true}]}}