{"id":39881,"date":"2025-03-14T09:48:17","date_gmt":"2025-03-14T09:48:17","guid":{"rendered":"https:\/\/kasima.lt\/produktas\/volvo-hidraulinis-voztuvas\/"},"modified":"2025-10-29T08:33:59","modified_gmt":"2025-10-29T08:33:59","slug":"volvo-hidraulinis-voztuvas","status":"publish","type":"product","link":"https:\/\/kasima3.bcapps.lt\/lv\/produktas\/volvo-hidraulinis-voztuvas\/","title":{"rendered":"Volvo hidrauliskais v\u0101rsts"},"content":{"rendered":"<p>\u0160\u012b ori\u0123in\u0101l\u0101 deta\u013ca ir lietota, bet ir lielisk\u0101 st\u0101vokl\u012b.<br \/>\nNo\u0146emts no Volvo EC210BLC, 2003. g.<br \/>\nDeta\u013cas numurs: VOE 14515278<\/p>\n","protected":false},"excerpt":{"rendered":"<p>Cena bez PVN<\/p>\n<p>Ra\u017eot\u0101js: VOLVO<br \/>\nModelis: EC210BLC0085<br \/>\nIzsaukums: <a href=\"tel:+37060842988\">+37060842988<br \/><\/a>E-pasts:<a href=\"mailto:usedparts@kasima3.bcapps.lt\"> usedparts@kasima3.bcapps.lt<\/a><\/p>\n","protected":false},"featured_media":39877,"template":"","meta":{"_et_pb_use_builder":"","_et_pb_old_content":"","_et_gb_content_width":""},"product_brand":[],"product_cat":[398,490,318,452],"product_tag":[],"class_list":{"0":"post-39881","1":"product","2":"type-product","3":"status-publish","4":"has-post-thumbnail","6":"product_cat-volvo-dalas","7":"product_cat-elektronikas-dalas","8":"product_cat-lietotas-detalas","9":"product_cat-celtniecibas-tehnikas-dalas","11":"first","12":"instock","13":"taxable","14":"shipping-taxable","15":"product-type-simple"},"_links":{"self":[{"href":"https:\/\/kasima3.bcapps.lt\/lv\/wp-json\/wp\/v2\/product\/39881","targetHints":{"allow":["GET"]}}],"collection":[{"href":"https:\/\/kasima3.bcapps.lt\/lv\/wp-json\/wp\/v2\/product"}],"about":[{"href":"https:\/\/kasima3.bcapps.lt\/lv\/wp-json\/wp\/v2\/types\/product"}],"wp:featuredmedia":[{"embeddable":true,"href":"https:\/\/kasima3.bcapps.lt\/lv\/wp-json\/wp\/v2\/media\/39877"}],"wp:attachment":[{"href":"https:\/\/kasima3.bcapps.lt\/lv\/wp-json\/wp\/v2\/media?parent=39881"}],"wp:term":[{"taxonomy":"product_brand","embeddable":true,"href":"https:\/\/kasima3.bcapps.lt\/lv\/wp-json\/wp\/v2\/product_brand?post=39881"},{"taxonomy":"product_cat","embeddable":true,"href":"https:\/\/kasima3.bcapps.lt\/lv\/wp-json\/wp\/v2\/product_cat?post=39881"},{"taxonomy":"product_tag","embeddable":true,"href":"https:\/\/kasima3.bcapps.lt\/lv\/wp-json\/wp\/v2\/product_tag?post=39881"}],"curies":[{"name":"wp","href":"https:\/\/api.w.org\/{rel}","templated":true}]}}