{"id":40352,"date":"2025-03-18T12:22:22","date_gmt":"2025-03-18T12:22:22","guid":{"rendered":"https:\/\/kasima.lt\/produktas\/hidraulines-betono-zirkles-mustang-rh16\/"},"modified":"2025-10-29T08:34:00","modified_gmt":"2025-10-29T08:34:00","slug":"hidraulines-betono-zirkles-mustang-rh16","status":"publish","type":"product","link":"https:\/\/kasima3.bcapps.lt\/lv\/produktas\/hidraulines-betono-zirkles-mustang-rh16\/","title":{"rendered":"Hidraulisk\u0101s betona \u0161\u0137\u0113res Mustang RH 16"},"content":{"rendered":"<p>Hidraulisk\u0101s betona \u0161\u0137\u0113res ekskavatoram Mustang RH 16<\/p>\n<p>Mustang RH 16 ir jaud\u012bgas un uzticamas betona \u0161\u0137\u0113res profesion\u0101liem nojauk\u0161anas darbiem. Pateicoties uzlabotajai hidrauliskajai sist\u0113mai un augstas kvalit\u0101tes t\u0113rauda konstrukcijai, \u0161\u012bs \u0161\u0137\u0113res nodro\u0161ina augstu veiktsp\u0113ju un iztur\u012bbu pat vispras\u012bg\u0101kajos uzdevumos. <\/p>\n<p>Galven\u0101s iez\u012bmes:<br \/>\niztur\u012bga konstrukcija &#8211; izgatavotas no augstas kvalit\u0101tes materi\u0101liem, kas nodro\u0161ina iztur\u012bbu.<br \/>\nLiels b\u012bdes sp\u0113ks &#8211; efekt\u012bvi grie\u017e betonu, armat\u016bru un citus iztur\u012bgus materi\u0101lus.<br \/>\nKompakts dizains &#8211; \u013cauj str\u0101d\u0101t \u0161aur\u0101s telp\u0101s.<br \/>\nEfekt\u012bva hidraulisk\u0101 darb\u012bba &#8211; nodro\u0161ina vienm\u0113r\u012bgu un \u0101tru darbu.<br \/>\nPiem\u0113rots pla\u0161am ma\u0161\u012bnu kl\u0101stam &#8211; var uzst\u0101d\u012bt uz ekskavatoriem un cit\u0101m nojauk\u0161anas iek\u0101rt\u0101m.<\/p>\n<p>Mustang RH 16 ir profesion\u0101\u013cu izv\u0113le maksim\u0101lai efektivit\u0101tei un uzticam\u012bbai.<\/p>\n<p><iframe loading=\"lazy\" title=\"Betono hidraulin\u0117s \u017eirkl\u0117s Mustang RH 16\" width=\"1080\" height=\"608\" src=\"https:\/\/www.youtube.com\/embed\/8td6K6liUYI?feature=oembed\"  allow=\"accelerometer; autoplay; clipboard-write; encrypted-media; gyroscope; picture-in-picture; web-share\" referrerpolicy=\"strict-origin-when-cross-origin\" allowfullscreen><\/iframe><\/p>\n","protected":false},"excerpt":{"rendered":"<p>Cena bez PVN<\/p>\n<p>Ra\u017eot\u0101js: Mustang<br \/>\nModelis: RH16<br \/>\nZvan\u012bt: <a href=\"tel:+37067607071\">+37067607071<br \/>\n<\/a>E-pasts: <a href=\"mailto:sales@kasima3.bcapps.lt\">sales@kasima3.bcapps.lt<\/a><\/p>\n","protected":false},"featured_media":40287,"template":"","meta":{"_et_pb_use_builder":"","_et_pb_old_content":"","_et_gb_content_width":""},"product_brand":[],"product_cat":[171,174,229,155,237,185],"product_tag":[],"class_list":{"0":"post-40352","1":"product","2":"type-product","3":"status-publish","4":"has-post-thumbnail","6":"product_cat-10-13-tonnas","7":"product_cat-13-16-tonnas","8":"product_cat-16-20-tonnas","9":"product_cat-jauns","10":"product_cat-citi-piederumi","11":"product_cat-ekskavators","13":"first","14":"instock","15":"taxable","16":"shipping-taxable","17":"purchasable","18":"product-type-simple"},"_links":{"self":[{"href":"https:\/\/kasima3.bcapps.lt\/lv\/wp-json\/wp\/v2\/product\/40352","targetHints":{"allow":["GET"]}}],"collection":[{"href":"https:\/\/kasima3.bcapps.lt\/lv\/wp-json\/wp\/v2\/product"}],"about":[{"href":"https:\/\/kasima3.bcapps.lt\/lv\/wp-json\/wp\/v2\/types\/product"}],"wp:featuredmedia":[{"embeddable":true,"href":"https:\/\/kasima3.bcapps.lt\/lv\/wp-json\/wp\/v2\/media\/40287"}],"wp:attachment":[{"href":"https:\/\/kasima3.bcapps.lt\/lv\/wp-json\/wp\/v2\/media?parent=40352"}],"wp:term":[{"taxonomy":"product_brand","embeddable":true,"href":"https:\/\/kasima3.bcapps.lt\/lv\/wp-json\/wp\/v2\/product_brand?post=40352"},{"taxonomy":"product_cat","embeddable":true,"href":"https:\/\/kasima3.bcapps.lt\/lv\/wp-json\/wp\/v2\/product_cat?post=40352"},{"taxonomy":"product_tag","embeddable":true,"href":"https:\/\/kasima3.bcapps.lt\/lv\/wp-json\/wp\/v2\/product_tag?post=40352"}],"curies":[{"name":"wp","href":"https:\/\/api.w.org\/{rel}","templated":true}]}}