{"id":40808,"date":"2025-03-21T08:04:25","date_gmt":"2025-03-21T08:04:25","guid":{"rendered":"https:\/\/kasima.lt\/produktas\/jcb-alyvos-ausintuvas\/"},"modified":"2025-10-29T08:34:05","modified_gmt":"2025-10-29T08:34:05","slug":"jcb-alyvos-ausintuvas","status":"publish","type":"product","link":"https:\/\/kasima3.bcapps.lt\/lv\/produktas\/jcb-alyvos-ausintuvas\/","title":{"rendered":"JCB e\u013c\u013cas dzes\u0113t\u0101js"},"content":{"rendered":"<p>\u0160\u012b ori\u0123in\u0101l\u0101 deta\u013ca ir lietota, bet ir \u013coti lab\u0101 st\u0101vokl\u012b.<br \/>\nNo\u0146emts no JCB JS130LC, 2006. gads<br \/>\nDeta\u013cas numurs: 30\/926180<\/p>\n","protected":false},"excerpt":{"rendered":"<p>Cena bez PVN<\/p>\n<p>Ra\u017eot\u0101js: JCB<br \/>\nModelis: JS130LC0037<br \/>\nZvan\u012bt: <a href=\"tel:+37060842988\">+37060842988<br \/><\/a>E-pasts: <a href=\"mailto:usedparts@kasima3.bcapps.lt\">usedparts@kasima3.bcapps.lt<\/a><\/p>\n","protected":false},"featured_media":40799,"template":"","meta":{"_et_pb_use_builder":"","_et_pb_old_content":"","_et_gb_content_width":""},"product_brand":[],"product_cat":[443,318,452],"product_tag":[],"class_list":{"0":"post-40808","1":"product","2":"type-product","3":"status-publish","4":"has-post-thumbnail","6":"product_cat-jcb-dalas","7":"product_cat-lietotas-detalas","8":"product_cat-celtniecibas-tehnikas-dalas","10":"first","11":"instock","12":"taxable","13":"shipping-taxable","14":"purchasable","15":"product-type-simple"},"_links":{"self":[{"href":"https:\/\/kasima3.bcapps.lt\/lv\/wp-json\/wp\/v2\/product\/40808","targetHints":{"allow":["GET"]}}],"collection":[{"href":"https:\/\/kasima3.bcapps.lt\/lv\/wp-json\/wp\/v2\/product"}],"about":[{"href":"https:\/\/kasima3.bcapps.lt\/lv\/wp-json\/wp\/v2\/types\/product"}],"wp:featuredmedia":[{"embeddable":true,"href":"https:\/\/kasima3.bcapps.lt\/lv\/wp-json\/wp\/v2\/media\/40799"}],"wp:attachment":[{"href":"https:\/\/kasima3.bcapps.lt\/lv\/wp-json\/wp\/v2\/media?parent=40808"}],"wp:term":[{"taxonomy":"product_brand","embeddable":true,"href":"https:\/\/kasima3.bcapps.lt\/lv\/wp-json\/wp\/v2\/product_brand?post=40808"},{"taxonomy":"product_cat","embeddable":true,"href":"https:\/\/kasima3.bcapps.lt\/lv\/wp-json\/wp\/v2\/product_cat?post=40808"},{"taxonomy":"product_tag","embeddable":true,"href":"https:\/\/kasima3.bcapps.lt\/lv\/wp-json\/wp\/v2\/product_tag?post=40808"}],"curies":[{"name":"wp","href":"https:\/\/api.w.org\/{rel}","templated":true}]}}