{"id":42306,"date":"2025-04-03T08:41:49","date_gmt":"2025-04-03T08:41:49","guid":{"rendered":"https:\/\/kasima.lt\/produktas\/kubota-vandens-radiatorius\/"},"modified":"2025-10-29T08:34:17","modified_gmt":"2025-10-29T08:34:17","slug":"kubota-vandens-radiatorius","status":"publish","type":"product","link":"https:\/\/kasima3.bcapps.lt\/lv\/produktas\/kubota-vandens-radiatorius\/","title":{"rendered":"Kubota \u016bdens radiators"},"content":{"rendered":"<p>\u0160\u012b ori\u0123in\u0101l\u0101 da\u013ca ir lietota, bet lab\u0101 st\u0101vokl\u012b.<br \/>\nNo\u0146emts no Kubota U55-4, 2014. g.<br \/>\nDeta\u013cas numurs: RD451-42300.<br \/>\nDa\u013ca radiatora ir boj\u0101ta karstuma ietekm\u0113( skat\u012bt fotoatt\u0113lus).<\/p>\n","protected":false},"excerpt":{"rendered":"<p>Cena bez PVN<\/p>\n<p>Ra\u017eot\u0101js: KUBOTA<br \/>\nModelis: KBU550019<br \/>\nIzsaukums: <a href=\"tel:+37060842988\">+37060842988<br \/><\/a>E-pasts:<a href=\"mailto:usedparts@kasima3.bcapps.lt\"> usedparts@kasima3.bcapps.lt<\/a><\/p>\n","protected":false},"featured_media":42272,"template":"","meta":{"_et_pb_use_builder":"","_et_pb_old_content":"","_et_gb_content_width":""},"product_brand":[],"product_cat":[400,318,452],"product_tag":[],"class_list":{"0":"post-42306","1":"product","2":"type-product","3":"status-publish","4":"has-post-thumbnail","6":"product_cat-kubota-dalas","7":"product_cat-lietotas-detalas","8":"product_cat-celtniecibas-tehnikas-dalas","10":"first","11":"instock","12":"taxable","13":"shipping-taxable","14":"purchasable","15":"product-type-simple"},"_links":{"self":[{"href":"https:\/\/kasima3.bcapps.lt\/lv\/wp-json\/wp\/v2\/product\/42306","targetHints":{"allow":["GET"]}}],"collection":[{"href":"https:\/\/kasima3.bcapps.lt\/lv\/wp-json\/wp\/v2\/product"}],"about":[{"href":"https:\/\/kasima3.bcapps.lt\/lv\/wp-json\/wp\/v2\/types\/product"}],"wp:featuredmedia":[{"embeddable":true,"href":"https:\/\/kasima3.bcapps.lt\/lv\/wp-json\/wp\/v2\/media\/42272"}],"wp:attachment":[{"href":"https:\/\/kasima3.bcapps.lt\/lv\/wp-json\/wp\/v2\/media?parent=42306"}],"wp:term":[{"taxonomy":"product_brand","embeddable":true,"href":"https:\/\/kasima3.bcapps.lt\/lv\/wp-json\/wp\/v2\/product_brand?post=42306"},{"taxonomy":"product_cat","embeddable":true,"href":"https:\/\/kasima3.bcapps.lt\/lv\/wp-json\/wp\/v2\/product_cat?post=42306"},{"taxonomy":"product_tag","embeddable":true,"href":"https:\/\/kasima3.bcapps.lt\/lv\/wp-json\/wp\/v2\/product_tag?post=42306"}],"curies":[{"name":"wp","href":"https:\/\/api.w.org\/{rel}","templated":true}]}}