{"id":44402,"date":"2025-04-14T07:01:51","date_gmt":"2025-04-14T07:01:51","guid":{"rendered":"https:\/\/kasima.lt\/produktas\/kubota-droselines-sklendes-variklis\/"},"modified":"2025-10-29T08:34:30","modified_gmt":"2025-10-29T08:34:30","slug":"kubota-droselines-sklendes-variklis","status":"publish","type":"product","link":"https:\/\/kasima3.bcapps.lt\/lv\/produktas\/kubota-droselines-sklendes-variklis\/","title":{"rendered":"Kubota droseles motors"},"content":{"rendered":"<p>\u0160\u012b ori\u0123in\u0101l\u0101 deta\u013ca ir lietota, bet lab\u0101 st\u0101vokl\u012b.<br \/>\nNo\u0146emts no Kubota U55-4, 2014. gads<br \/>\nKataloga numurs: RD451-53640.<br \/>\n233000-0270<\/p>\n","protected":false},"excerpt":{"rendered":"<p>Cena bez PVN<\/p>\n<p>Ra\u017eot\u0101js: DENSO<br \/>\nModelis: KBU550036<br \/>\nIzsaukums: <a href=\"tel:+37060842988\">+37060842988<br \/><\/a>E-pasts: <a href=\"mailto:usedparts@kasima3.bcapps.lt\">usedparts@kasima3.bcapps.lt<\/a><\/p>\n","protected":false},"featured_media":44393,"template":"","meta":{"_et_pb_use_builder":"","_et_pb_old_content":"","_et_gb_content_width":""},"product_brand":[],"product_cat":[400,490,318,452],"product_tag":[],"class_list":{"0":"post-44402","1":"product","2":"type-product","3":"status-publish","4":"has-post-thumbnail","6":"product_cat-kubota-dalas","7":"product_cat-elektronikas-dalas","8":"product_cat-lietotas-detalas","9":"product_cat-celtniecibas-tehnikas-dalas","11":"first","12":"instock","13":"taxable","14":"shipping-taxable","15":"purchasable","16":"product-type-simple"},"_links":{"self":[{"href":"https:\/\/kasima3.bcapps.lt\/lv\/wp-json\/wp\/v2\/product\/44402","targetHints":{"allow":["GET"]}}],"collection":[{"href":"https:\/\/kasima3.bcapps.lt\/lv\/wp-json\/wp\/v2\/product"}],"about":[{"href":"https:\/\/kasima3.bcapps.lt\/lv\/wp-json\/wp\/v2\/types\/product"}],"wp:featuredmedia":[{"embeddable":true,"href":"https:\/\/kasima3.bcapps.lt\/lv\/wp-json\/wp\/v2\/media\/44393"}],"wp:attachment":[{"href":"https:\/\/kasima3.bcapps.lt\/lv\/wp-json\/wp\/v2\/media?parent=44402"}],"wp:term":[{"taxonomy":"product_brand","embeddable":true,"href":"https:\/\/kasima3.bcapps.lt\/lv\/wp-json\/wp\/v2\/product_brand?post=44402"},{"taxonomy":"product_cat","embeddable":true,"href":"https:\/\/kasima3.bcapps.lt\/lv\/wp-json\/wp\/v2\/product_cat?post=44402"},{"taxonomy":"product_tag","embeddable":true,"href":"https:\/\/kasima3.bcapps.lt\/lv\/wp-json\/wp\/v2\/product_tag?post=44402"}],"curies":[{"name":"wp","href":"https:\/\/api.w.org\/{rel}","templated":true}]}}