{"id":44857,"date":"2025-04-18T06:48:39","date_gmt":"2025-04-18T06:48:39","guid":{"rendered":"https:\/\/kasima.lt\/produktas\/kubota-hidraulinis-siurblys\/"},"modified":"2025-10-29T08:34:33","modified_gmt":"2025-10-29T08:34:33","slug":"kubota-hidraulinis-siurblys","status":"publish","type":"product","link":"https:\/\/kasima3.bcapps.lt\/lv\/produktas\/kubota-hidraulinis-siurblys\/","title":{"rendered":"Kubota hidrauliskais s\u016bknis <br><br>"},"content":{"rendered":"<p>\u0160is ori\u0123in\u0101lais s\u016bknis ir lietots, piln\u012bb\u0101 p\u0101rbaud\u012bts akredit\u0113t\u0101 uz\u0146\u0113mum\u0101 un ir perfekt\u0101 darba st\u0101vokl\u012b.<br \/>\nHidraulisk\u0101 s\u016bk\u0146a korpuss ir nedaudz cietis no uguns, ta\u010du tas neietekm\u0113 pa\u0161a s\u016bk\u0146a darb\u012bbu.<br \/>\nNo\u0146emts no Kubota U55-4, 2014. gads.<br \/>\nS\u016bk\u0146a tips: PSVL2-27CG-1<br \/>\nKataloga Nr.: RD551-61113<br \/>\nS\u016bk\u0146a Nr.: B0610-27001<\/p>\n","protected":false},"excerpt":{"rendered":"<p>Cena bez PVN<\/p>\n<p>Ra\u017eot\u0101js: KUBOTA<br \/>\nModelis: KBU550002<br \/>\nIzsaukums: <a href=\"tel:+37060842988\">+37060842988<br \/>\n<\/a>E-pasts: <a href=\"mailto:usedparts@kasima3.bcapps.lt\">usedparts@kasima3.bcapps.lt<\/a><\/p>\n","protected":false},"featured_media":44808,"template":"","meta":{"_et_pb_use_builder":"","_et_pb_old_content":"","_et_gb_content_width":""},"product_brand":[],"product_cat":[400,318,452],"product_tag":[],"class_list":{"0":"post-44857","1":"product","2":"type-product","3":"status-publish","4":"has-post-thumbnail","6":"product_cat-kubota-dalas","7":"product_cat-lietotas-detalas","8":"product_cat-celtniecibas-tehnikas-dalas","10":"first","11":"instock","12":"taxable","13":"shipping-taxable","14":"purchasable","15":"product-type-simple"},"_links":{"self":[{"href":"https:\/\/kasima3.bcapps.lt\/lv\/wp-json\/wp\/v2\/product\/44857","targetHints":{"allow":["GET"]}}],"collection":[{"href":"https:\/\/kasima3.bcapps.lt\/lv\/wp-json\/wp\/v2\/product"}],"about":[{"href":"https:\/\/kasima3.bcapps.lt\/lv\/wp-json\/wp\/v2\/types\/product"}],"wp:featuredmedia":[{"embeddable":true,"href":"https:\/\/kasima3.bcapps.lt\/lv\/wp-json\/wp\/v2\/media\/44808"}],"wp:attachment":[{"href":"https:\/\/kasima3.bcapps.lt\/lv\/wp-json\/wp\/v2\/media?parent=44857"}],"wp:term":[{"taxonomy":"product_brand","embeddable":true,"href":"https:\/\/kasima3.bcapps.lt\/lv\/wp-json\/wp\/v2\/product_brand?post=44857"},{"taxonomy":"product_cat","embeddable":true,"href":"https:\/\/kasima3.bcapps.lt\/lv\/wp-json\/wp\/v2\/product_cat?post=44857"},{"taxonomy":"product_tag","embeddable":true,"href":"https:\/\/kasima3.bcapps.lt\/lv\/wp-json\/wp\/v2\/product_tag?post=44857"}],"curies":[{"name":"wp","href":"https:\/\/api.w.org\/{rel}","templated":true}]}}