{"id":45395,"date":"2025-04-28T13:10:47","date_gmt":"2025-04-28T13:10:47","guid":{"rendered":"https:\/\/kasima.lt\/produktas\/atlas-stabilizavimo-cilindras\/"},"modified":"2025-10-29T08:34:36","modified_gmt":"2025-10-29T08:34:36","slug":"atlas-stabilizavimo-cilindras","status":"publish","type":"product","link":"https:\/\/kasima3.bcapps.lt\/lv\/produktas\/atlas-stabilizavimo-cilindras\/","title":{"rendered":"Atlas stabiliz\u0101cijas cilindrs"},"content":{"rendered":"<p>\u0160\u012b da\u013ca ir lietota, bet lab\u0101 st\u0101vokl\u012b<br \/>\nNo\u0146emts no Atlas 1604, 2003. gads<br \/>\nDeta\u013cas numurs:<br \/>\n6057769<br \/>\nPZL100-155F2<br \/>\nRHYPP133<\/p>\n","protected":false},"excerpt":{"rendered":"<p>Cena bez PVN<\/p>\n<p>Ra\u017eot\u0101js: ATLAS<br \/>\nModelis: AT16040063<br \/>\nIzsaukums: <a href=\"tel:+37060842988\">+37060842988<br \/>\n<\/a>E-pasts: <a href=\"mailto:usedparts@kasima3.bcapps.lt\">usedparts@kasima3.bcapps.lt<\/a><\/p>\n","protected":false},"featured_media":45366,"template":"","meta":{"_et_pb_use_builder":"","_et_pb_old_content":"","_et_gb_content_width":""},"product_brand":[],"product_cat":[484,318,452],"product_tag":[],"class_list":{"0":"post-45395","1":"product","2":"type-product","3":"status-publish","4":"has-post-thumbnail","6":"product_cat-atlas-dalas","7":"product_cat-lietotas-detalas","8":"product_cat-celtniecibas-tehnikas-dalas","10":"first","11":"instock","12":"taxable","13":"shipping-taxable","14":"purchasable","15":"product-type-simple"},"_links":{"self":[{"href":"https:\/\/kasima3.bcapps.lt\/lv\/wp-json\/wp\/v2\/product\/45395","targetHints":{"allow":["GET"]}}],"collection":[{"href":"https:\/\/kasima3.bcapps.lt\/lv\/wp-json\/wp\/v2\/product"}],"about":[{"href":"https:\/\/kasima3.bcapps.lt\/lv\/wp-json\/wp\/v2\/types\/product"}],"wp:featuredmedia":[{"embeddable":true,"href":"https:\/\/kasima3.bcapps.lt\/lv\/wp-json\/wp\/v2\/media\/45366"}],"wp:attachment":[{"href":"https:\/\/kasima3.bcapps.lt\/lv\/wp-json\/wp\/v2\/media?parent=45395"}],"wp:term":[{"taxonomy":"product_brand","embeddable":true,"href":"https:\/\/kasima3.bcapps.lt\/lv\/wp-json\/wp\/v2\/product_brand?post=45395"},{"taxonomy":"product_cat","embeddable":true,"href":"https:\/\/kasima3.bcapps.lt\/lv\/wp-json\/wp\/v2\/product_cat?post=45395"},{"taxonomy":"product_tag","embeddable":true,"href":"https:\/\/kasima3.bcapps.lt\/lv\/wp-json\/wp\/v2\/product_tag?post=45395"}],"curies":[{"name":"wp","href":"https:\/\/api.w.org\/{rel}","templated":true}]}}