{"id":46890,"date":"2025-05-15T11:13:48","date_gmt":"2025-05-15T11:13:48","guid":{"rendered":"https:\/\/kasima.lt\/produktas\/claas-saugikliu-dezute\/"},"modified":"2025-10-29T08:34:43","modified_gmt":"2025-10-29T08:34:43","slug":"claas-saugikliu-dezute","status":"publish","type":"product","link":"https:\/\/kasima3.bcapps.lt\/lv\/produktas\/claas-saugikliu-dezute\/","title":{"rendered":"Claas dro\u0161in\u0101t\u0101ju k\u0101rba"},"content":{"rendered":"<p>\u0160\u012b da\u013ca ir lietota, bet lab\u0101 st\u0101vokl\u012b<br \/>\nNo\u0146emts no Claas Arion 530, 2013. gads<br \/>\nDeta\u013cas numurs: 0011056494<\/p>\n","protected":false},"excerpt":{"rendered":"<p>Cena bez PVN<\/p>\n<p>Ra\u017eot\u0101js: CLAAS<br \/>\nModelis: CL530ARION0021<br \/>\nIzsaukums: <a href=\"tel:+37060842988\">+37060842988<\/a><br \/>\nE-pasts: <a href=\"mailto:usedparts@kasima3.bcapps.lt\">usedparts@kasima3.bcapps.lt<\/a><\/p>\n","protected":false},"featured_media":46871,"template":"","meta":{"_et_pb_use_builder":"","_et_pb_old_content":"","_et_gb_content_width":""},"product_brand":[],"product_cat":[498,490,318,455],"product_tag":[],"class_list":{"0":"post-46890","1":"product","2":"type-product","3":"status-publish","4":"has-post-thumbnail","6":"product_cat-claas-dalas","7":"product_cat-elektronikas-dalas","8":"product_cat-lietotas-detalas","9":"product_cat-lauksaimniecibas-tehnikas-dalas","11":"first","12":"instock","13":"taxable","14":"shipping-taxable","15":"purchasable","16":"product-type-simple"},"_links":{"self":[{"href":"https:\/\/kasima3.bcapps.lt\/lv\/wp-json\/wp\/v2\/product\/46890","targetHints":{"allow":["GET"]}}],"collection":[{"href":"https:\/\/kasima3.bcapps.lt\/lv\/wp-json\/wp\/v2\/product"}],"about":[{"href":"https:\/\/kasima3.bcapps.lt\/lv\/wp-json\/wp\/v2\/types\/product"}],"wp:featuredmedia":[{"embeddable":true,"href":"https:\/\/kasima3.bcapps.lt\/lv\/wp-json\/wp\/v2\/media\/46871"}],"wp:attachment":[{"href":"https:\/\/kasima3.bcapps.lt\/lv\/wp-json\/wp\/v2\/media?parent=46890"}],"wp:term":[{"taxonomy":"product_brand","embeddable":true,"href":"https:\/\/kasima3.bcapps.lt\/lv\/wp-json\/wp\/v2\/product_brand?post=46890"},{"taxonomy":"product_cat","embeddable":true,"href":"https:\/\/kasima3.bcapps.lt\/lv\/wp-json\/wp\/v2\/product_cat?post=46890"},{"taxonomy":"product_tag","embeddable":true,"href":"https:\/\/kasima3.bcapps.lt\/lv\/wp-json\/wp\/v2\/product_tag?post=46890"}],"curies":[{"name":"wp","href":"https:\/\/api.w.org\/{rel}","templated":true}]}}