{"id":47653,"date":"2025-05-20T10:57:12","date_gmt":"2025-05-20T10:57:12","guid":{"rendered":"https:\/\/kasima.lt\/produktas\/claas-variklis-4045hrt80c\/"},"modified":"2025-10-29T08:34:49","modified_gmt":"2025-10-29T08:34:49","slug":"claas-variklis-4045hrt80c","status":"publish","type":"product","link":"https:\/\/kasima3.bcapps.lt\/lv\/produktas\/claas-variklis-4045hrt80c\/","title":{"rendered":"Claas dzin\u0113js 4045HRT80C"},"content":{"rendered":"<p>\u0160is dzin\u0113js ir lietots, bet ir teicam\u0101 st\u0101vokl\u012b.<br \/>\nNo\u0146emts no Claas Arion 530, 2013. gads.<br \/>\nDarb\u012bbas stundas: 9957h<br \/>\nDeta\u013cu kataloga numuri:<br \/>\nCD4045HRT80<br \/>\nCD4045L219849<br \/>\n001106732<br \/>\n4045HRT80C<br \/>\nRE523169<br \/>\nR522776<br \/>\nR524482<br \/>\nR526238<br \/>\nR522425<br \/>\nRE535252<br \/>\n13A122110126<\/p>\n<p><iframe loading=\"lazy\" title=\"Claas Engine 4045HRT80C for sale\" width=\"1080\" height=\"608\" src=\"https:\/\/www.youtube.com\/embed\/PB8cvNlFt8U?feature=oembed\"  allow=\"accelerometer; autoplay; clipboard-write; encrypted-media; gyroscope; picture-in-picture; web-share\" referrerpolicy=\"strict-origin-when-cross-origin\" allowfullscreen><\/iframe><\/p>\n","protected":false},"excerpt":{"rendered":"<p>Cena bez PVN<\/p>\n<p>Ra\u017eot\u0101js: CLAAS\/JOHN DEERE<br \/>\nModelis: CL530ARION0001<br \/>\nZvan\u012bt: <a href=\"tel:+37060842988\">+37060842988<\/a><br \/>\nE-pasts: <a href=\"mailto:usedparts@kasima3.bcapps.lt\">usedparts@kasima3.bcapps.lt<\/a><\/p>\n","protected":false},"featured_media":47569,"template":"","meta":{"_et_pb_use_builder":"","_et_pb_old_content":"","_et_gb_content_width":""},"product_brand":[],"product_cat":[498,467,318,455],"product_tag":[],"class_list":{"0":"post-47653","1":"product","2":"type-product","3":"status-publish","4":"has-post-thumbnail","6":"product_cat-claas-dalas","7":"product_cat-john-deere-dalas","8":"product_cat-lietotas-detalas","9":"product_cat-lauksaimniecibas-tehnikas-dalas","11":"first","12":"instock","13":"taxable","14":"shipping-taxable","15":"purchasable","16":"product-type-simple"},"_links":{"self":[{"href":"https:\/\/kasima3.bcapps.lt\/lv\/wp-json\/wp\/v2\/product\/47653","targetHints":{"allow":["GET"]}}],"collection":[{"href":"https:\/\/kasima3.bcapps.lt\/lv\/wp-json\/wp\/v2\/product"}],"about":[{"href":"https:\/\/kasima3.bcapps.lt\/lv\/wp-json\/wp\/v2\/types\/product"}],"wp:featuredmedia":[{"embeddable":true,"href":"https:\/\/kasima3.bcapps.lt\/lv\/wp-json\/wp\/v2\/media\/47569"}],"wp:attachment":[{"href":"https:\/\/kasima3.bcapps.lt\/lv\/wp-json\/wp\/v2\/media?parent=47653"}],"wp:term":[{"taxonomy":"product_brand","embeddable":true,"href":"https:\/\/kasima3.bcapps.lt\/lv\/wp-json\/wp\/v2\/product_brand?post=47653"},{"taxonomy":"product_cat","embeddable":true,"href":"https:\/\/kasima3.bcapps.lt\/lv\/wp-json\/wp\/v2\/product_cat?post=47653"},{"taxonomy":"product_tag","embeddable":true,"href":"https:\/\/kasima3.bcapps.lt\/lv\/wp-json\/wp\/v2\/product_tag?post=47653"}],"curies":[{"name":"wp","href":"https:\/\/api.w.org\/{rel}","templated":true}]}}