{"id":47996,"date":"2025-05-21T08:06:40","date_gmt":"2025-05-21T08:06:40","guid":{"rendered":"https:\/\/kasima.lt\/produktas\/naudotos-michelin-padangos-460-70r24\/"},"modified":"2025-10-29T08:34:51","modified_gmt":"2025-10-29T08:34:51","slug":"naudotos-michelin-padangos-460-70r24","status":"publish","type":"product","link":"https:\/\/kasima3.bcapps.lt\/lv\/produktas\/naudotos-michelin-padangos-460-70r24\/","title":{"rendered":"Lietotas Michelin riepas 460\/70R24"},"content":{"rendered":"<p>\u0160\u012bs riepas ir lietotas, bet v\u0113l ir saglab\u0101jusies vilkme.<br \/>\nVar izmantot k\u0101 rezerves da\u013cas<br \/>\n460\/70R24 XMCL<br \/>\n17,5LR24<\/p>\n","protected":false},"excerpt":{"rendered":"<p>Cena bez PVN<\/p>\n<p>Ra\u017eot\u0101js: MICHELIN<br \/>\nModelis: KND0083<br \/>\nIzsaukums:<a href=\"tel:+37060842988\"> +37060842988<\/a><br \/>\nE-pasts: <a href=\"mailto:usedparts@kasima3.bcapps.lt\">usedparts@kasima3.bcapps.lt<\/a><\/p>\n","protected":false},"featured_media":47982,"template":"","meta":{"_et_pb_use_builder":"","_et_pb_old_content":"","_et_gb_content_width":""},"product_brand":[],"product_cat":[318,455],"product_tag":[],"class_list":{"0":"post-47996","1":"product","2":"type-product","3":"status-publish","4":"has-post-thumbnail","6":"product_cat-lietotas-detalas","7":"product_cat-lauksaimniecibas-tehnikas-dalas","9":"first","10":"instock","11":"taxable","12":"shipping-taxable","13":"product-type-simple"},"_links":{"self":[{"href":"https:\/\/kasima3.bcapps.lt\/lv\/wp-json\/wp\/v2\/product\/47996","targetHints":{"allow":["GET"]}}],"collection":[{"href":"https:\/\/kasima3.bcapps.lt\/lv\/wp-json\/wp\/v2\/product"}],"about":[{"href":"https:\/\/kasima3.bcapps.lt\/lv\/wp-json\/wp\/v2\/types\/product"}],"wp:featuredmedia":[{"embeddable":true,"href":"https:\/\/kasima3.bcapps.lt\/lv\/wp-json\/wp\/v2\/media\/47982"}],"wp:attachment":[{"href":"https:\/\/kasima3.bcapps.lt\/lv\/wp-json\/wp\/v2\/media?parent=47996"}],"wp:term":[{"taxonomy":"product_brand","embeddable":true,"href":"https:\/\/kasima3.bcapps.lt\/lv\/wp-json\/wp\/v2\/product_brand?post=47996"},{"taxonomy":"product_cat","embeddable":true,"href":"https:\/\/kasima3.bcapps.lt\/lv\/wp-json\/wp\/v2\/product_cat?post=47996"},{"taxonomy":"product_tag","embeddable":true,"href":"https:\/\/kasima3.bcapps.lt\/lv\/wp-json\/wp\/v2\/product_tag?post=47996"}],"curies":[{"name":"wp","href":"https:\/\/api.w.org\/{rel}","templated":true}]}}