{"id":48292,"date":"2025-05-26T09:55:21","date_gmt":"2025-05-26T09:55:21","guid":{"rendered":"https:\/\/kasima.lt\/produktas\/case-stabdziu-voztuvas\/"},"modified":"2025-10-29T08:34:53","modified_gmt":"2025-10-29T08:34:53","slug":"case-stabdziu-voztuvas","status":"publish","type":"product","link":"https:\/\/kasima3.bcapps.lt\/lv\/produktas\/case-stabdziu-voztuvas\/","title":{"rendered":"CASE brem\u017eu v\u0101rsts"},"content":{"rendered":"<p>\u0160\u012b da\u013ca ir lietota, bet ir lielisk\u0101 st\u0101vokl\u012b<br \/>\nNo\u0146emts no CASE Puma CVX 185, 2018 gads<br \/>\nDeta\u013cas numurs:<br \/>\n44913658<br \/>\n5193976<br \/>\nV199522<\/p>\n","protected":false},"excerpt":{"rendered":"<p>Cena bez PVN<\/p>\n<p>Ra\u017eot\u0101js: CASE<br \/>\nModelis:CS185PUMA0011<br \/>\nIzsaukums:<a href=\"tel:+37060842988\"> +37060842988<\/a><br \/>\nE-pasts: <a href=\"mailto:usedparts@kasima3.bcapps.lt\">usedparts@kasima3.bcapps.lt<\/a><\/p>\n","protected":false},"featured_media":48263,"template":"","meta":{"_et_pb_use_builder":"","_et_pb_old_content":"","_et_gb_content_width":""},"product_brand":[],"product_cat":[508,490,318,455],"product_tag":[],"class_list":{"0":"post-48292","1":"product","2":"type-product","3":"status-publish","4":"has-post-thumbnail","6":"product_cat-case-strony","7":"product_cat-elektronikas-dalas","8":"product_cat-lietotas-detalas","9":"product_cat-lauksaimniecibas-tehnikas-dalas","11":"first","12":"instock","13":"taxable","14":"shipping-taxable","15":"purchasable","16":"product-type-simple"},"_links":{"self":[{"href":"https:\/\/kasima3.bcapps.lt\/lv\/wp-json\/wp\/v2\/product\/48292","targetHints":{"allow":["GET"]}}],"collection":[{"href":"https:\/\/kasima3.bcapps.lt\/lv\/wp-json\/wp\/v2\/product"}],"about":[{"href":"https:\/\/kasima3.bcapps.lt\/lv\/wp-json\/wp\/v2\/types\/product"}],"wp:featuredmedia":[{"embeddable":true,"href":"https:\/\/kasima3.bcapps.lt\/lv\/wp-json\/wp\/v2\/media\/48263"}],"wp:attachment":[{"href":"https:\/\/kasima3.bcapps.lt\/lv\/wp-json\/wp\/v2\/media?parent=48292"}],"wp:term":[{"taxonomy":"product_brand","embeddable":true,"href":"https:\/\/kasima3.bcapps.lt\/lv\/wp-json\/wp\/v2\/product_brand?post=48292"},{"taxonomy":"product_cat","embeddable":true,"href":"https:\/\/kasima3.bcapps.lt\/lv\/wp-json\/wp\/v2\/product_cat?post=48292"},{"taxonomy":"product_tag","embeddable":true,"href":"https:\/\/kasima3.bcapps.lt\/lv\/wp-json\/wp\/v2\/product_tag?post=48292"}],"curies":[{"name":"wp","href":"https:\/\/api.w.org\/{rel}","templated":true}]}}