{"id":48458,"date":"2025-05-26T11:26:49","date_gmt":"2025-05-26T11:26:49","guid":{"rendered":"https:\/\/kasima.lt\/produktas\/case-variklio-amortizatorius\/"},"modified":"2025-10-29T08:34:54","modified_gmt":"2025-10-29T08:34:54","slug":"case-variklio-amortizatorius","status":"publish","type":"product","link":"https:\/\/kasima3.bcapps.lt\/lv\/produktas\/case-variklio-amortizatorius\/","title":{"rendered":"CASE motora amortizators"},"content":{"rendered":"<p>\u0160\u012b da\u013ca ir lietota, bet ir teicam\u0101 st\u0101vokl\u012b<br \/>\nNo\u0146emts no CASE Puma CVX 185, 2018. gads<br \/>\nDeta\u013cas numurs:<br \/>\n15600273810<br \/>\n84266464<\/p>\n","protected":false},"excerpt":{"rendered":"<p>Cena bez PVN<\/p>\n<p>Ra\u017eot\u0101js: CASE<br \/>\nModelis:CS185PUMA0017<br \/>\nIzsaukums: <a href=\"tel:+37060842988\">+37060842988<\/a><br \/>\nE-pasts: <a href=\"mailto:usedparts@kasima3.bcapps.lt\">usedparts@kasima3.bcapps.lt<\/a><\/p>\n","protected":false},"featured_media":48444,"template":"","meta":{"_et_pb_use_builder":"","_et_pb_old_content":"","_et_gb_content_width":""},"product_brand":[],"product_cat":[508,318,455],"product_tag":[],"class_list":{"0":"post-48458","1":"product","2":"type-product","3":"status-publish","4":"has-post-thumbnail","6":"product_cat-case-strony","7":"product_cat-lietotas-detalas","8":"product_cat-lauksaimniecibas-tehnikas-dalas","10":"first","11":"instock","12":"taxable","13":"shipping-taxable","14":"purchasable","15":"product-type-simple"},"_links":{"self":[{"href":"https:\/\/kasima3.bcapps.lt\/lv\/wp-json\/wp\/v2\/product\/48458","targetHints":{"allow":["GET"]}}],"collection":[{"href":"https:\/\/kasima3.bcapps.lt\/lv\/wp-json\/wp\/v2\/product"}],"about":[{"href":"https:\/\/kasima3.bcapps.lt\/lv\/wp-json\/wp\/v2\/types\/product"}],"wp:featuredmedia":[{"embeddable":true,"href":"https:\/\/kasima3.bcapps.lt\/lv\/wp-json\/wp\/v2\/media\/48444"}],"wp:attachment":[{"href":"https:\/\/kasima3.bcapps.lt\/lv\/wp-json\/wp\/v2\/media?parent=48458"}],"wp:term":[{"taxonomy":"product_brand","embeddable":true,"href":"https:\/\/kasima3.bcapps.lt\/lv\/wp-json\/wp\/v2\/product_brand?post=48458"},{"taxonomy":"product_cat","embeddable":true,"href":"https:\/\/kasima3.bcapps.lt\/lv\/wp-json\/wp\/v2\/product_cat?post=48458"},{"taxonomy":"product_tag","embeddable":true,"href":"https:\/\/kasima3.bcapps.lt\/lv\/wp-json\/wp\/v2\/product_tag?post=48458"}],"curies":[{"name":"wp","href":"https:\/\/api.w.org\/{rel}","templated":true}]}}