{"id":50431,"date":"2025-05-30T08:48:52","date_gmt":"2025-05-30T08:48:52","guid":{"rendered":"https:\/\/kasima.lt\/produktas\/case-rele\/"},"modified":"2025-10-29T08:35:06","modified_gmt":"2025-10-29T08:35:06","slug":"case-rele","status":"publish","type":"product","link":"https:\/\/kasima3.bcapps.lt\/lv\/produktas\/case-rele\/","title":{"rendered":"CASE releja"},"content":{"rendered":"<p>\u0160\u012b deta\u013ca ir lietota, nedaudz pak\u013cauta uguns iedarb\u012bbai<br \/>\nP\u0101rbaud\u012bjis profesion\u0101lis, viss darbojas<br \/>\nNo\u0146emts no CASE Puma CVX 185, 2018 gads<br \/>\nDeta\u013cas numurs:<br \/>\n84576869<br \/>\n08070400<\/p>\n","protected":false},"excerpt":{"rendered":"<p>Cena bez PVN<\/p>\n<p>Ra\u017eot\u0101js: CASE<br \/>\nModelis: CS185PUMA0036<br \/>\nIzsaukums: <a href=\"tel:+37060842988\">+37060842988<\/a><br \/>\nE-pasts: <a href=\"mailto:usedparts@kasima3.bcapps.lt\">usedparts@kasima3.bcapps.lt<\/a><\/p>\n","protected":false},"featured_media":50417,"template":"","meta":{"_et_pb_use_builder":"","_et_pb_old_content":"","_et_gb_content_width":""},"product_brand":[],"product_cat":[508,490,318,455],"product_tag":[],"class_list":{"0":"post-50431","1":"product","2":"type-product","3":"status-publish","4":"has-post-thumbnail","6":"product_cat-case-strony","7":"product_cat-elektronikas-dalas","8":"product_cat-lietotas-detalas","9":"product_cat-lauksaimniecibas-tehnikas-dalas","11":"first","12":"instock","13":"taxable","14":"shipping-taxable","15":"purchasable","16":"product-type-simple"},"_links":{"self":[{"href":"https:\/\/kasima3.bcapps.lt\/lv\/wp-json\/wp\/v2\/product\/50431","targetHints":{"allow":["GET"]}}],"collection":[{"href":"https:\/\/kasima3.bcapps.lt\/lv\/wp-json\/wp\/v2\/product"}],"about":[{"href":"https:\/\/kasima3.bcapps.lt\/lv\/wp-json\/wp\/v2\/types\/product"}],"wp:featuredmedia":[{"embeddable":true,"href":"https:\/\/kasima3.bcapps.lt\/lv\/wp-json\/wp\/v2\/media\/50417"}],"wp:attachment":[{"href":"https:\/\/kasima3.bcapps.lt\/lv\/wp-json\/wp\/v2\/media?parent=50431"}],"wp:term":[{"taxonomy":"product_brand","embeddable":true,"href":"https:\/\/kasima3.bcapps.lt\/lv\/wp-json\/wp\/v2\/product_brand?post=50431"},{"taxonomy":"product_cat","embeddable":true,"href":"https:\/\/kasima3.bcapps.lt\/lv\/wp-json\/wp\/v2\/product_cat?post=50431"},{"taxonomy":"product_tag","embeddable":true,"href":"https:\/\/kasima3.bcapps.lt\/lv\/wp-json\/wp\/v2\/product_tag?post=50431"}],"curies":[{"name":"wp","href":"https:\/\/api.w.org\/{rel}","templated":true}]}}