{"id":50669,"date":"2025-06-02T05:58:00","date_gmt":"2025-06-02T05:58:00","guid":{"rendered":"https:\/\/kasima.lt\/produktas\/merlo-vairavimo-mechanizmo-valdymo-blokas-nfpe\/"},"modified":"2025-10-29T08:35:12","modified_gmt":"2025-10-29T08:35:12","slug":"merlo-vairavimo-mechanizmo-valdymo-blokas-nfpe","status":"publish","type":"product","link":"https:\/\/kasima3.bcapps.lt\/lv\/produktas\/merlo-vairavimo-mechanizmo-valdymo-blokas-nfpe\/","title":{"rendered":"MERLO st\u016bres vad\u012bbas bloks NFPE"},"content":{"rendered":"<p>\u0160\u012b deta\u013ca ir lietota, bet ir darba k\u0101rt\u012bb\u0101, p\u0101rbaud\u012bta profesion\u0101\u013ca.<br \/>\nNo\u0146emts no Merlo 32.6 , Turbo plus, 2011. gads<br \/>\nMerlo 32.6 Plus telehandleris Susmic 12 st\u016bres vad\u012bbas bloks. \u0160is elektroniskais modulis p\u0101rvalda teleskopisk\u0101 iekr\u0101v\u0113ja st\u016br\u0113\u0161anas funkcijas, tostarp tr\u012bs st\u016br\u0113\u0161anas re\u017e\u012bmu izv\u0113li un koordin\u0101ciju:<br \/>\nPriek\u0161\u0113jo rite\u0146u st\u016br\u0113\u0161ana<br \/>\nVisu rite\u0146u st\u016br\u0113\u0161ana<br \/>\nKr\u0101pju st\u016br\u0113\u0161ana<br \/>\nDeta\u013cas numurs:<br \/>\n10105827\/059568<br \/>\n09840387-0001<br \/>\n10105827C<br \/>\n09826741<br \/>\n10104549E<br \/>\nV1048-0740 <\/p>\n","protected":false},"excerpt":{"rendered":"<p>Cena bez PVN<\/p>\n<p>Ra\u017eot\u0101js: MERLO<br \/>\nModelis: MERLOP320003<br \/>\nIzsaukums: <a href=\"tel:+37060842988\">+37060842988<\/a><br \/>\nE-pasts: <a href=\"mailto:usedparts@kasima3.bcapps.lt\">usedparts@kasima3.bcapps.lt<\/a><\/p>\n","protected":false},"featured_media":50640,"template":"","meta":{"_et_pb_use_builder":"","_et_pb_old_content":"","_et_gb_content_width":""},"product_brand":[],"product_cat":[514,490,318,452],"product_tag":[],"class_list":{"0":"post-50669","1":"product","2":"type-product","3":"status-publish","4":"has-post-thumbnail","6":"product_cat-czesci-merlo","7":"product_cat-elektronikas-dalas","8":"product_cat-lietotas-detalas","9":"product_cat-celtniecibas-tehnikas-dalas","11":"first","12":"instock","13":"taxable","14":"shipping-taxable","15":"purchasable","16":"product-type-simple"},"_links":{"self":[{"href":"https:\/\/kasima3.bcapps.lt\/lv\/wp-json\/wp\/v2\/product\/50669","targetHints":{"allow":["GET"]}}],"collection":[{"href":"https:\/\/kasima3.bcapps.lt\/lv\/wp-json\/wp\/v2\/product"}],"about":[{"href":"https:\/\/kasima3.bcapps.lt\/lv\/wp-json\/wp\/v2\/types\/product"}],"wp:featuredmedia":[{"embeddable":true,"href":"https:\/\/kasima3.bcapps.lt\/lv\/wp-json\/wp\/v2\/media\/50640"}],"wp:attachment":[{"href":"https:\/\/kasima3.bcapps.lt\/lv\/wp-json\/wp\/v2\/media?parent=50669"}],"wp:term":[{"taxonomy":"product_brand","embeddable":true,"href":"https:\/\/kasima3.bcapps.lt\/lv\/wp-json\/wp\/v2\/product_brand?post=50669"},{"taxonomy":"product_cat","embeddable":true,"href":"https:\/\/kasima3.bcapps.lt\/lv\/wp-json\/wp\/v2\/product_cat?post=50669"},{"taxonomy":"product_tag","embeddable":true,"href":"https:\/\/kasima3.bcapps.lt\/lv\/wp-json\/wp\/v2\/product_tag?post=50669"}],"curies":[{"name":"wp","href":"https:\/\/api.w.org\/{rel}","templated":true}]}}