{"id":50913,"date":"2025-06-03T07:08:08","date_gmt":"2025-06-03T07:08:08","guid":{"rendered":"https:\/\/kasima.lt\/produktas\/komatsu-ecu-modulis-p5317106\/"},"modified":"2025-10-29T08:35:13","modified_gmt":"2025-10-29T08:35:13","slug":"komatsu-ecu-modulis-p5317106","status":"publish","type":"product","link":"https:\/\/kasima3.bcapps.lt\/lv\/produktas\/komatsu-ecu-modulis-p5317106\/","title":{"rendered":"Komatsu ECU modulis P5317106"},"content":{"rendered":"<p>\u0160\u012b da\u013ca ir gandr\u012bz jauna<br \/>\nProgramm\u0113ta Komatsu PW160-11, 2019. gads<br \/>\nDa\u013cas numurs: :<br \/>\nCM2350 DETA\u013bA: CM2350<br \/>\nP5317106<br \/>\n1T2350A07337699<br \/>\nA2C76739900<br \/>\n28410743011<\/p>\n","protected":false},"excerpt":{"rendered":"<p>Cena bez PVN<\/p>\n<p>Ra\u017eot\u0101js: CONTINENTAL<br \/>\nModelis: KND0084<br \/>\nIzsaukums: <a href=\"tel:+37060842988\">+37060842988<\/a><br \/>\nE-pasts: <a href=\"mailto:usedparts@kasima3.bcapps.lt\">usedparts@kasima3.bcapps.lt<\/a><\/p>\n","protected":false},"featured_media":50884,"template":"","meta":{"_et_pb_use_builder":"","_et_pb_old_content":"","_et_gb_content_width":""},"product_brand":[],"product_cat":[481,490,318,452],"product_tag":[],"class_list":{"0":"post-50913","1":"product","2":"type-product","3":"status-publish","4":"has-post-thumbnail","6":"product_cat-komatsu-dalas","7":"product_cat-elektronikas-dalas","8":"product_cat-lietotas-detalas","9":"product_cat-celtniecibas-tehnikas-dalas","11":"first","12":"instock","13":"taxable","14":"shipping-taxable","15":"purchasable","16":"product-type-simple"},"_links":{"self":[{"href":"https:\/\/kasima3.bcapps.lt\/lv\/wp-json\/wp\/v2\/product\/50913","targetHints":{"allow":["GET"]}}],"collection":[{"href":"https:\/\/kasima3.bcapps.lt\/lv\/wp-json\/wp\/v2\/product"}],"about":[{"href":"https:\/\/kasima3.bcapps.lt\/lv\/wp-json\/wp\/v2\/types\/product"}],"wp:featuredmedia":[{"embeddable":true,"href":"https:\/\/kasima3.bcapps.lt\/lv\/wp-json\/wp\/v2\/media\/50884"}],"wp:attachment":[{"href":"https:\/\/kasima3.bcapps.lt\/lv\/wp-json\/wp\/v2\/media?parent=50913"}],"wp:term":[{"taxonomy":"product_brand","embeddable":true,"href":"https:\/\/kasima3.bcapps.lt\/lv\/wp-json\/wp\/v2\/product_brand?post=50913"},{"taxonomy":"product_cat","embeddable":true,"href":"https:\/\/kasima3.bcapps.lt\/lv\/wp-json\/wp\/v2\/product_cat?post=50913"},{"taxonomy":"product_tag","embeddable":true,"href":"https:\/\/kasima3.bcapps.lt\/lv\/wp-json\/wp\/v2\/product_tag?post=50913"}],"curies":[{"name":"wp","href":"https:\/\/api.w.org\/{rel}","templated":true}]}}