{"id":50980,"date":"2025-06-05T08:40:53","date_gmt":"2025-06-05T08:40:53","guid":{"rendered":"https:\/\/kasima.lt\/produktas\/merlo-p32-6-dalimis\/"},"modified":"2025-10-29T08:35:13","modified_gmt":"2025-10-29T08:35:13","slug":"merlo-p32-6-dalimis","status":"publish","type":"product","link":"https:\/\/kasima3.bcapps.lt\/lv\/produktas\/merlo-p32-6-dalimis\/","title":{"rendered":"Merlo 32.6 rezerves da\u013c\u0101m"},"content":{"rendered":"<p>Merlo P 32.6 teleskopiskais iekr\u0101v\u0113ji (2011) p\u0113c rezerves da\u013c\u0101m.<br \/>\nKab\u012bne boj\u0101ta ugunsgr\u0113k\u0101, bet liel\u0101k\u0101 da\u013ca sast\u0101vda\u013cu nav boj\u0101tas un ir piln\u012bb\u0101 funkcion\u0113jo\u0161as.<\/p>\n<p>Perkins dzin\u0113js 1104D-44T &#8211; piln\u012bb\u0101 darbsp\u0113j\u012bgs<br \/>\nHidraulika &#8211; teicam\u0101 st\u0101vokl\u012b<br \/>\nPriek\u0161\u0113jais un aizmugur\u0113jais tilts &#8211; neboj\u0101ts<br \/>\nStr\u0113le, \u0161asija, dzes\u0113\u0161anas sist\u0113ma un citi elementi &#8211; pieejami.<\/p>\n","protected":false},"excerpt":{"rendered":"<p>Cena bez PVN<\/p>\n<p>Ra\u017eot\u0101js: MERLO<br \/>\nModelis: P32.6<br \/>\nIzsaukums: <a href=\"tel:+37060842988\">+37060842988<\/a><br \/>\nE-pasts: <a href=\"mailto:usedparts@kasima3.bcapps.lt\">usedparts@kasima3.bcapps.lt<\/a><\/p>\n","protected":false},"featured_media":50951,"template":"","meta":{"_et_pb_use_builder":"","_et_pb_old_content":"","_et_gb_content_width":""},"product_brand":[],"product_cat":[514,318,452],"product_tag":[],"class_list":{"0":"post-50980","1":"product","2":"type-product","3":"status-publish","4":"has-post-thumbnail","6":"product_cat-czesci-merlo","7":"product_cat-lietotas-detalas","8":"product_cat-celtniecibas-tehnikas-dalas","10":"first","11":"instock","12":"taxable","13":"shipping-taxable","14":"product-type-simple"},"_links":{"self":[{"href":"https:\/\/kasima3.bcapps.lt\/lv\/wp-json\/wp\/v2\/product\/50980","targetHints":{"allow":["GET"]}}],"collection":[{"href":"https:\/\/kasima3.bcapps.lt\/lv\/wp-json\/wp\/v2\/product"}],"about":[{"href":"https:\/\/kasima3.bcapps.lt\/lv\/wp-json\/wp\/v2\/types\/product"}],"wp:featuredmedia":[{"embeddable":true,"href":"https:\/\/kasima3.bcapps.lt\/lv\/wp-json\/wp\/v2\/media\/50951"}],"wp:attachment":[{"href":"https:\/\/kasima3.bcapps.lt\/lv\/wp-json\/wp\/v2\/media?parent=50980"}],"wp:term":[{"taxonomy":"product_brand","embeddable":true,"href":"https:\/\/kasima3.bcapps.lt\/lv\/wp-json\/wp\/v2\/product_brand?post=50980"},{"taxonomy":"product_cat","embeddable":true,"href":"https:\/\/kasima3.bcapps.lt\/lv\/wp-json\/wp\/v2\/product_cat?post=50980"},{"taxonomy":"product_tag","embeddable":true,"href":"https:\/\/kasima3.bcapps.lt\/lv\/wp-json\/wp\/v2\/product_tag?post=50980"}],"curies":[{"name":"wp","href":"https:\/\/api.w.org\/{rel}","templated":true}]}}