{"id":51085,"date":"2025-06-05T11:04:56","date_gmt":"2025-06-05T11:04:56","guid":{"rendered":"https:\/\/kasima.lt\/produktas\/perkins-variklis-1104d-44t\/"},"modified":"2025-10-29T08:35:13","modified_gmt":"2025-10-29T08:35:13","slug":"perkins-variklis-1104d-44t","status":"publish","type":"product","link":"https:\/\/kasima3.bcapps.lt\/lv\/produktas\/perkins-variklis-1104d-44t\/","title":{"rendered":"Perkins dzin\u0113js 1104D-44T"},"content":{"rendered":"<p>\u0160is dzin\u0113js ir lietots, bet teicam\u0101 st\u0101vokl\u012b, ir p\u0101rbaud\u012bts un test\u0113ts.<br \/>\nNo\u0146emts no Merlo P32.6, 2011. gads.<br \/>\nDeta\u013cas numurs:<br \/>\n1104D-44T DETA\u013bU SKAITS: 1104D-44T<br \/>\n306672300<br \/>\nNL75154<br \/>\nU097579V<br \/>\n26744A843<br \/>\nCasappa<br \/>\nKP3038D0-L9P1-LGF\/GC<br \/>\n03580905<br \/>\n32468E<\/p>\n<p><iframe loading=\"lazy\" title=\"Perkins Engine 1104D-44T for sale\" width=\"1080\" height=\"608\" src=\"https:\/\/www.youtube.com\/embed\/SQ_JN1J973Y?feature=oembed\"  allow=\"accelerometer; autoplay; clipboard-write; encrypted-media; gyroscope; picture-in-picture; web-share\" referrerpolicy=\"strict-origin-when-cross-origin\" allowfullscreen><\/iframe><\/p>\n","protected":false},"excerpt":{"rendered":"<p>Cena bez PVN<\/p>\n<p>Ra\u017eot\u0101js: PERKINS<br \/>\nModelis: MERLOP320001<br \/>\nZvan\u012bt: <a href=\"tel:+37060842988\">+37060842988<\/a><br \/>\nE-pasts: <a href=\"mailto:usedparts@kasima3.bcapps.lt\">usedparts@kasima3.bcapps.lt<\/a><\/p>\n","protected":false},"featured_media":51011,"template":"","meta":{"_et_pb_use_builder":"","_et_pb_old_content":"","_et_gb_content_width":""},"product_brand":[],"product_cat":[514,490,318,452],"product_tag":[],"class_list":{"0":"post-51085","1":"product","2":"type-product","3":"status-publish","4":"has-post-thumbnail","6":"product_cat-czesci-merlo","7":"product_cat-elektronikas-dalas","8":"product_cat-lietotas-detalas","9":"product_cat-celtniecibas-tehnikas-dalas","11":"first","12":"instock","13":"taxable","14":"shipping-taxable","15":"purchasable","16":"product-type-simple"},"_links":{"self":[{"href":"https:\/\/kasima3.bcapps.lt\/lv\/wp-json\/wp\/v2\/product\/51085","targetHints":{"allow":["GET"]}}],"collection":[{"href":"https:\/\/kasima3.bcapps.lt\/lv\/wp-json\/wp\/v2\/product"}],"about":[{"href":"https:\/\/kasima3.bcapps.lt\/lv\/wp-json\/wp\/v2\/types\/product"}],"wp:featuredmedia":[{"embeddable":true,"href":"https:\/\/kasima3.bcapps.lt\/lv\/wp-json\/wp\/v2\/media\/51011"}],"wp:attachment":[{"href":"https:\/\/kasima3.bcapps.lt\/lv\/wp-json\/wp\/v2\/media?parent=51085"}],"wp:term":[{"taxonomy":"product_brand","embeddable":true,"href":"https:\/\/kasima3.bcapps.lt\/lv\/wp-json\/wp\/v2\/product_brand?post=51085"},{"taxonomy":"product_cat","embeddable":true,"href":"https:\/\/kasima3.bcapps.lt\/lv\/wp-json\/wp\/v2\/product_cat?post=51085"},{"taxonomy":"product_tag","embeddable":true,"href":"https:\/\/kasima3.bcapps.lt\/lv\/wp-json\/wp\/v2\/product_tag?post=51085"}],"curies":[{"name":"wp","href":"https:\/\/api.w.org\/{rel}","templated":true}]}}