{"id":51351,"date":"2025-06-05T12:46:04","date_gmt":"2025-06-05T12:46:04","guid":{"rendered":"https:\/\/kasima.lt\/produktas\/merlo-p32-6-pavaru-deze-su-hidrauliniu-siurbliu\/"},"modified":"2025-10-29T08:35:15","modified_gmt":"2025-10-29T08:35:15","slug":"merlo-p32-6-pavaru-deze-su-hidrauliniu-siurbliu","status":"publish","type":"product","link":"https:\/\/kasima3.bcapps.lt\/lv\/produktas\/merlo-p32-6-pavaru-deze-su-hidrauliniu-siurbliu\/","title":{"rendered":"Merlo P32.6 p\u0101rnesumk\u0101rba ar hidraulisko s\u016bkni"},"content":{"rendered":"<p>\u0160\u012b deta\u013ca ir lietota, bet ir teicam\u0101 st\u0101vokl\u012b.<br \/>\nNo\u0146emts no Merlo P32.6, 2011. gads<br \/>\nDeta\u013cu numuri:<br \/>\nP\u0101rnesumk\u0101rba<br \/>\n024843<br \/>\n057478<br \/>\nJ00291O<br \/>\nSauer-Danfoss s\u016bknis<br \/>\n51D110AD3N<br \/>\nJANNCHN$NNN<br \/>\n046AAA01328<br \/>\n518818<br \/>\n774760<br \/>\n508752<br \/>\n042945<\/p>\n","protected":false},"excerpt":{"rendered":"<p>Cena bez PVN<\/p>\n<p>Ra\u017eot\u0101js: SAUER-DANFOSS<br \/>\nModelis: MERLOP320007<br \/>\nIzsaukums: <a href=\"tel:+37060842988\">+37060842988<\/a><br \/>\nE-pasts: <a href=\"mailto:usedparts@kasima3.bcapps.lt\">usedparts@kasima3.bcapps.lt<\/a><\/p>\n","protected":false},"featured_media":51307,"template":"","meta":{"_et_pb_use_builder":"","_et_pb_old_content":"","_et_gb_content_width":""},"product_brand":[],"product_cat":[514,318,452],"product_tag":[],"class_list":{"0":"post-51351","1":"product","2":"type-product","3":"status-publish","4":"has-post-thumbnail","6":"product_cat-czesci-merlo","7":"product_cat-lietotas-detalas","8":"product_cat-celtniecibas-tehnikas-dalas","10":"first","11":"instock","12":"taxable","13":"shipping-taxable","14":"purchasable","15":"product-type-simple"},"_links":{"self":[{"href":"https:\/\/kasima3.bcapps.lt\/lv\/wp-json\/wp\/v2\/product\/51351","targetHints":{"allow":["GET"]}}],"collection":[{"href":"https:\/\/kasima3.bcapps.lt\/lv\/wp-json\/wp\/v2\/product"}],"about":[{"href":"https:\/\/kasima3.bcapps.lt\/lv\/wp-json\/wp\/v2\/types\/product"}],"wp:featuredmedia":[{"embeddable":true,"href":"https:\/\/kasima3.bcapps.lt\/lv\/wp-json\/wp\/v2\/media\/51307"}],"wp:attachment":[{"href":"https:\/\/kasima3.bcapps.lt\/lv\/wp-json\/wp\/v2\/media?parent=51351"}],"wp:term":[{"taxonomy":"product_brand","embeddable":true,"href":"https:\/\/kasima3.bcapps.lt\/lv\/wp-json\/wp\/v2\/product_brand?post=51351"},{"taxonomy":"product_cat","embeddable":true,"href":"https:\/\/kasima3.bcapps.lt\/lv\/wp-json\/wp\/v2\/product_cat?post=51351"},{"taxonomy":"product_tag","embeddable":true,"href":"https:\/\/kasima3.bcapps.lt\/lv\/wp-json\/wp\/v2\/product_tag?post=51351"}],"curies":[{"name":"wp","href":"https:\/\/api.w.org\/{rel}","templated":true}]}}