{"id":52089,"date":"2025-06-10T06:10:07","date_gmt":"2025-06-10T06:10:07","guid":{"rendered":"https:\/\/kasima.lt\/produktas\/planiravimo-kausas-1350mm\/"},"modified":"2025-10-29T08:35:21","modified_gmt":"2025-10-29T08:35:21","slug":"planiravimo-kausas-1350mm","status":"publish","type":"product","link":"https:\/\/kasima3.bcapps.lt\/lv\/produktas\/planiravimo-kausas-1350mm\/","title":{"rendered":"Pl\u0101no\u0161anas kauss (1350 mm)"},"content":{"rendered":"<p>Pl\u0101no\u0161anas kauss:<\/p>\n<p>Kausa platums: 1350 mm<br \/>\nAtt\u0101lums starp kausa savienojuma aus\u012bm: 220 mm<br \/>\nAtt\u0101lums starp tapu centriem: 295 mm<br \/>\nTapa (rievot\u0101 da\u013ca): 38 mm<br \/>\nTapa (pilns diametrs): 50 mm<\/p>\n","protected":false},"excerpt":{"rendered":"<p>Cena bez PVN<br \/>\n<br \/>Ra\u017eot\u0101js: Cangini Benne<br \/>\nModelis: pl\u0101no\u0161anas spainis<br \/>\nZvans: <a href=\"tel:+37060842988\">+37060842988<\/a><br \/>\nRakstiet: <a href=\"mailto:usedparts@kasima3.bcapps.lt\">usedparts@kasima3.bcapps.lt<\/a><\/p>\n","protected":false},"featured_media":52045,"template":"","meta":{"_et_pb_use_builder":"","_et_pb_old_content":"","_et_gb_content_width":""},"product_brand":[],"product_cat":[153,154,166,219,302],"product_tag":[],"class_list":{"0":"post-52089","1":"product","2":"type-product","3":"status-publish","4":"has-post-thumbnail","6":"product_cat-15-3-tonnas","7":"product_cat-3-5-tonnas","8":"product_cat-5-7-tonnas","9":"product_cat-lietots","10":"product_cat-spaini","12":"first","13":"outofstock","14":"taxable","15":"shipping-taxable","16":"purchasable","17":"product-type-simple"},"_links":{"self":[{"href":"https:\/\/kasima3.bcapps.lt\/lv\/wp-json\/wp\/v2\/product\/52089","targetHints":{"allow":["GET"]}}],"collection":[{"href":"https:\/\/kasima3.bcapps.lt\/lv\/wp-json\/wp\/v2\/product"}],"about":[{"href":"https:\/\/kasima3.bcapps.lt\/lv\/wp-json\/wp\/v2\/types\/product"}],"wp:featuredmedia":[{"embeddable":true,"href":"https:\/\/kasima3.bcapps.lt\/lv\/wp-json\/wp\/v2\/media\/52045"}],"wp:attachment":[{"href":"https:\/\/kasima3.bcapps.lt\/lv\/wp-json\/wp\/v2\/media?parent=52089"}],"wp:term":[{"taxonomy":"product_brand","embeddable":true,"href":"https:\/\/kasima3.bcapps.lt\/lv\/wp-json\/wp\/v2\/product_brand?post=52089"},{"taxonomy":"product_cat","embeddable":true,"href":"https:\/\/kasima3.bcapps.lt\/lv\/wp-json\/wp\/v2\/product_cat?post=52089"},{"taxonomy":"product_tag","embeddable":true,"href":"https:\/\/kasima3.bcapps.lt\/lv\/wp-json\/wp\/v2\/product_tag?post=52089"}],"curies":[{"name":"wp","href":"https:\/\/api.w.org\/{rel}","templated":true}]}}