{"id":52156,"date":"2025-06-10T07:49:24","date_gmt":"2025-06-10T07:49:24","guid":{"rendered":"https:\/\/kasima.lt\/produktas\/cangini-benne-cr50-greita-jungtis\/"},"modified":"2025-10-29T08:35:22","modified_gmt":"2025-10-29T08:35:22","slug":"cangini-benne-cr50-greita-jungtis","status":"publish","type":"product","link":"https:\/\/kasima3.bcapps.lt\/lv\/produktas\/cangini-benne-cr50-greita-jungtis\/","title":{"rendered":"Cangini Benne CR50 \u0101trais savienot\u0101js"},"content":{"rendered":"<p>Cangini Benne CR50 Twin Lock \u0101trais savienot\u0101js:<\/p>\n<p>Att\u0101lums starp savienot\u0101ja aus\u012bm: 150mm<br \/>\nAtt\u0101lums starp tapu centriem: 240mm<br \/>\nTapu biezums: 45mm<\/p>\n","protected":false},"excerpt":{"rendered":"<p>Cena bez PVN<br \/>\n<br \/>Ra\u017eot\u0101js: Cangini Benne<br \/>\nModelis: CR50 Twin Lock<br \/>\nZvans: <a href=\"tel:+37060842988\">+37060842988<\/a><br \/>\nE-pasts: <a href=\"mailto:usedparts@kasima3.bcapps.lt\">usedparts@kasima3.bcapps.lt<\/a><\/p>\n","protected":false},"featured_media":52142,"template":"","meta":{"_et_pb_use_builder":"","_et_pb_old_content":"","_et_gb_content_width":""},"product_brand":[],"product_cat":[153,154,166,219,283,185],"product_tag":[],"class_list":{"0":"post-52156","1":"product","2":"type-product","3":"status-publish","4":"has-post-thumbnail","6":"product_cat-15-3-tonnas","7":"product_cat-3-5-tonnas","8":"product_cat-5-7-tonnas","9":"product_cat-lietots","10":"product_cat-ekskavatoru-atrie-savienotaji","11":"product_cat-ekskavators","13":"first","14":"outofstock","15":"taxable","16":"shipping-taxable","17":"purchasable","18":"product-type-simple"},"_links":{"self":[{"href":"https:\/\/kasima3.bcapps.lt\/lv\/wp-json\/wp\/v2\/product\/52156","targetHints":{"allow":["GET"]}}],"collection":[{"href":"https:\/\/kasima3.bcapps.lt\/lv\/wp-json\/wp\/v2\/product"}],"about":[{"href":"https:\/\/kasima3.bcapps.lt\/lv\/wp-json\/wp\/v2\/types\/product"}],"wp:featuredmedia":[{"embeddable":true,"href":"https:\/\/kasima3.bcapps.lt\/lv\/wp-json\/wp\/v2\/media\/52142"}],"wp:attachment":[{"href":"https:\/\/kasima3.bcapps.lt\/lv\/wp-json\/wp\/v2\/media?parent=52156"}],"wp:term":[{"taxonomy":"product_brand","embeddable":true,"href":"https:\/\/kasima3.bcapps.lt\/lv\/wp-json\/wp\/v2\/product_brand?post=52156"},{"taxonomy":"product_cat","embeddable":true,"href":"https:\/\/kasima3.bcapps.lt\/lv\/wp-json\/wp\/v2\/product_cat?post=52156"},{"taxonomy":"product_tag","embeddable":true,"href":"https:\/\/kasima3.bcapps.lt\/lv\/wp-json\/wp\/v2\/product_tag?post=52156"}],"curies":[{"name":"wp","href":"https:\/\/api.w.org\/{rel}","templated":true}]}}