{"id":52161,"date":"2025-06-10T08:16:51","date_gmt":"2025-06-10T08:16:51","guid":{"rendered":"https:\/\/kasima.lt\/produktas\/cangini-benne-kauso-ir-greitos-jungties-komplektas\/"},"modified":"2025-10-29T08:35:22","modified_gmt":"2025-10-29T08:35:22","slug":"cangini-benne-kauso-ir-greitos-jungties-komplektas","status":"publish","type":"product","link":"https:\/\/kasima3.bcapps.lt\/lv\/produktas\/cangini-benne-kauso-ir-greitos-jungties-komplektas\/","title":{"rendered":"Cangini Benne kausa un \u0101tr\u0101s savienot\u0101jkomplekta komplekts"},"content":{"rendered":"<p>Pl\u0101no\u0161anas kauss:<\/p>\n<p>Kausa platums: 1350mm<br \/>\nAtt\u0101lums starp kausa savienojuma aus\u012bm: 220mm<br \/>\nAtt\u0101lums starp tapu centriem: 295mm<br \/>\nTapa (iegriezta da\u013ca): 38 mm<br \/>\nTapa (pilns diametrs): 50 mm<\/p>\n<p>Cangini Benne CR50 Twin Lock \u0101tr\u0101 savienot\u0101ja:<\/p>\n<p>Att\u0101lums starp savienot\u0101ja aus\u012bm: 150 mm<br \/>\nAtt\u0101lums starp tapu centriem: 240 mm<br \/>\nTapu biezums: 45 mm<\/p>\n","protected":false},"excerpt":{"rendered":"<p>Cena bez PVN<br \/>\n<br \/>Ra\u017eot\u0101js: Cangini Benne<br \/>\nModelis: kausa un \u0101trsavienojuma komplekts<br \/>\nZvans: <a href=\"tel:+37060842988\">+37060842988<\/a><br \/>\nRakstiet: <a href=\"mailto:usedparts@kasima3.bcapps.lt\">usedparts@kasima3.bcapps.lt<\/a><\/p>\n","protected":false},"featured_media":52166,"template":"","meta":{"_et_pb_use_builder":"","_et_pb_old_content":"","_et_gb_content_width":""},"product_brand":[],"product_cat":[153,154,166,219,283,302,185],"product_tag":[],"class_list":{"0":"post-52161","1":"product","2":"type-product","3":"status-publish","4":"has-post-thumbnail","6":"product_cat-15-3-tonnas","7":"product_cat-3-5-tonnas","8":"product_cat-5-7-tonnas","9":"product_cat-lietots","10":"product_cat-ekskavatoru-atrie-savienotaji","11":"product_cat-spaini","12":"product_cat-ekskavators","14":"first","15":"outofstock","16":"sale","17":"taxable","18":"shipping-taxable","19":"purchasable","20":"product-type-simple"},"_links":{"self":[{"href":"https:\/\/kasima3.bcapps.lt\/lv\/wp-json\/wp\/v2\/product\/52161","targetHints":{"allow":["GET"]}}],"collection":[{"href":"https:\/\/kasima3.bcapps.lt\/lv\/wp-json\/wp\/v2\/product"}],"about":[{"href":"https:\/\/kasima3.bcapps.lt\/lv\/wp-json\/wp\/v2\/types\/product"}],"wp:featuredmedia":[{"embeddable":true,"href":"https:\/\/kasima3.bcapps.lt\/lv\/wp-json\/wp\/v2\/media\/52166"}],"wp:attachment":[{"href":"https:\/\/kasima3.bcapps.lt\/lv\/wp-json\/wp\/v2\/media?parent=52161"}],"wp:term":[{"taxonomy":"product_brand","embeddable":true,"href":"https:\/\/kasima3.bcapps.lt\/lv\/wp-json\/wp\/v2\/product_brand?post=52161"},{"taxonomy":"product_cat","embeddable":true,"href":"https:\/\/kasima3.bcapps.lt\/lv\/wp-json\/wp\/v2\/product_cat?post=52161"},{"taxonomy":"product_tag","embeddable":true,"href":"https:\/\/kasima3.bcapps.lt\/lv\/wp-json\/wp\/v2\/product_tag?post=52161"}],"curies":[{"name":"wp","href":"https:\/\/api.w.org\/{rel}","templated":true}]}}