{"id":52851,"date":"2025-06-18T12:54:15","date_gmt":"2025-06-18T12:54:15","guid":{"rendered":"https:\/\/kasima.lt\/produktas\/komatsu-pw160-11-hidrauliska-atrgaitas-sakabe\/"},"modified":"2025-10-29T08:35:23","modified_gmt":"2025-10-29T08:35:23","slug":"komatsu-pw160-11-hidrauliska-atrgaitas-sakabe","status":"publish","type":"product","link":"https:\/\/kasima3.bcapps.lt\/lv\/produktas\/komatsu-pw160-11-hidrauliska-atrgaitas-sakabe\/","title":{"rendered":"Komatsu PW160-11 hidraulisk\u0101 \u0101trgaitas sakabe"},"content":{"rendered":"<p>Komatsu PW160-11 hidraulisk\u0101 \u0101trgaitas sakabe. \u0100trai un dro\u0161ai piederumu nomai\u0146ai.   <\/p>\n<p>SPECIFIK\u0100CIJA:<br \/>\nBlo\u0137\u0113\u0161anas veids: hidrauliskais<br \/>\nTapas diametrs: 60 mm<br \/>\nSt\u016bres tapas centra att\u0101lums: 375 mm<br \/>\nKausa tapas centra att\u0101lums: 375 mm<br \/>\nEkskavatora str\u0113les platums: 260 mm<br \/>\nKausa auss distance: 260 mm<\/p>\n","protected":false},"excerpt":{"rendered":"<p>Cena bez PVN<\/p>\n<p>Ra\u017eot\u0101js: Komatsu<br \/>\nModelis: PW160-11<br \/>\nZvans: <a href=\"tel:+37067607071\">+37067607071<\/a><br \/>\nE-pasts: <a href=\"mailto:sales@kasima3.bcapps.lt\">sales@kasima3.bcapps.lt<\/a><\/p>\n","protected":false},"featured_media":52816,"template":"","meta":{"_et_pb_use_builder":"","_et_pb_old_content":"","_et_gb_content_width":""},"product_brand":[],"product_cat":[229,219,283],"product_tag":[],"class_list":{"0":"post-52851","1":"product","2":"type-product","3":"status-publish","4":"has-post-thumbnail","6":"product_cat-16-20-tonnas","7":"product_cat-lietots","8":"product_cat-ekskavatoru-atrie-savienotaji","10":"first","11":"instock","12":"taxable","13":"shipping-taxable","14":"purchasable","15":"product-type-simple"},"_links":{"self":[{"href":"https:\/\/kasima3.bcapps.lt\/lv\/wp-json\/wp\/v2\/product\/52851","targetHints":{"allow":["GET"]}}],"collection":[{"href":"https:\/\/kasima3.bcapps.lt\/lv\/wp-json\/wp\/v2\/product"}],"about":[{"href":"https:\/\/kasima3.bcapps.lt\/lv\/wp-json\/wp\/v2\/types\/product"}],"wp:featuredmedia":[{"embeddable":true,"href":"https:\/\/kasima3.bcapps.lt\/lv\/wp-json\/wp\/v2\/media\/52816"}],"wp:attachment":[{"href":"https:\/\/kasima3.bcapps.lt\/lv\/wp-json\/wp\/v2\/media?parent=52851"}],"wp:term":[{"taxonomy":"product_brand","embeddable":true,"href":"https:\/\/kasima3.bcapps.lt\/lv\/wp-json\/wp\/v2\/product_brand?post=52851"},{"taxonomy":"product_cat","embeddable":true,"href":"https:\/\/kasima3.bcapps.lt\/lv\/wp-json\/wp\/v2\/product_cat?post=52851"},{"taxonomy":"product_tag","embeddable":true,"href":"https:\/\/kasima3.bcapps.lt\/lv\/wp-json\/wp\/v2\/product_tag?post=52851"}],"curies":[{"name":"wp","href":"https:\/\/api.w.org\/{rel}","templated":true}]}}