{"id":53565,"date":"2025-06-27T12:49:05","date_gmt":"2025-06-27T12:49:05","guid":{"rendered":"https:\/\/kasima.lt\/produktas\/vogele-praplatinimo-modulis-06m-06m\/"},"modified":"2025-10-29T08:35:28","modified_gmt":"2025-10-29T08:35:28","slug":"vogele-praplatinimo-modulis-06m-06m","status":"publish","type":"product","link":"https:\/\/kasima3.bcapps.lt\/lv\/produktas\/vogele-praplatinimo-modulis-06m-06m\/","title":{"rendered":"V\u00d6GELE pagarin\u0101juma modulis (0,6 m + 0,6 m)"},"content":{"rendered":"<p>Ori\u0123in\u0101ls, skr\u016bv\u0113jams asfalta kl\u0101j\u0113ja bliet\u0113\u0161anas pl\u0101ksnes pagarin\u0101juma modulis (0,6 m + 0,6 m)<\/p>\n<p>Augstas kvalit\u0101tes ori\u0123in\u0101l\u0101 ra\u017eot\u0101ja (OEM) asfalta bliet\u0113t\u0101ja pl\u0101ksnes pagarin\u0101juma modulis darba platuma palielin\u0101\u0161anai par 60 cm ab\u0101s pus\u0113s (kop\u0101 +1,2 m). \u0160is pieskr\u016bv\u0113jamais modulis ir ide\u0101li piem\u0113rots V\u00d6GELE \/ VOGELE SUPER 700(i)\/800(i) asfalta iekl\u0101j\u0113jiem, ja ir nepiecie\u0161ams liel\u0101ks platums bez papildu tehnikas. <\/p>\n<p>\u012apa\u0161\u012bbas:<br \/>\nOri\u0123in\u0101las Wirtgen\/V\u00f6gele deta\u013cas &#8211; garant\u0113ta savietojam\u012bba un kvalit\u0101te<br \/>\nSkr\u016bv\u0113jams dizains &#8211; \u0101tra uzst\u0101d\u012b\u0161ana<br \/>\nIztur\u012bgs t\u0113rauds un profesion\u0101la izgatavo\u0161ana &#8211; ilgs kalpo\u0161anas laiks pat intens\u012bvas lieto\u0161anas apst\u0101k\u013cos.<\/p>\n<p>Pielietojums:<br \/>\nPiem\u0113rots V\u00d6GELE SUPER 700, 700i, 800, 800i un citiem asfalta kl\u0101j\u0113jiem ar AB200 vai AB12 bliet\u0113\u0161anas pl\u0101ksn\u0113m.<\/p>\n<p>Izm\u0113ri un inform\u0101cija:<br \/>\nPlatums: 0,6 m (vien\u0101 pus\u0113)<br \/>\nRa\u017eot\u0101ja kods: 2030914<\/p>\n","protected":false},"excerpt":{"rendered":"<p>Cena bez PVN<\/p>\n<p>Ra\u017eot\u0101js: Wirtgen<br \/>\nModelis: 2030914<br \/>\nZvans: <a href=\"tel:+37063025580\">+37063025580<\/a><br \/>\nE-pasts: <a href=\"mailto:e-commerce@kasima3.bcapps.lt\">e-commerce@kasima3.bcapps.lt<\/a><\/p>\n","protected":false},"featured_media":53481,"template":"","meta":{"_et_pb_use_builder":"","_et_pb_old_content":"","_et_gb_content_width":""},"product_brand":[],"product_cat":[219,458,318],"product_tag":[],"class_list":{"0":"post-53565","1":"product","2":"type-product","3":"status-publish","4":"has-post-thumbnail","6":"product_cat-lietots","7":"product_cat-citas-dalas","8":"product_cat-lietotas-detalas","10":"first","11":"outofstock","12":"taxable","13":"shipping-taxable","14":"purchasable","15":"product-type-simple"},"_links":{"self":[{"href":"https:\/\/kasima3.bcapps.lt\/lv\/wp-json\/wp\/v2\/product\/53565","targetHints":{"allow":["GET"]}}],"collection":[{"href":"https:\/\/kasima3.bcapps.lt\/lv\/wp-json\/wp\/v2\/product"}],"about":[{"href":"https:\/\/kasima3.bcapps.lt\/lv\/wp-json\/wp\/v2\/types\/product"}],"wp:featuredmedia":[{"embeddable":true,"href":"https:\/\/kasima3.bcapps.lt\/lv\/wp-json\/wp\/v2\/media\/53481"}],"wp:attachment":[{"href":"https:\/\/kasima3.bcapps.lt\/lv\/wp-json\/wp\/v2\/media?parent=53565"}],"wp:term":[{"taxonomy":"product_brand","embeddable":true,"href":"https:\/\/kasima3.bcapps.lt\/lv\/wp-json\/wp\/v2\/product_brand?post=53565"},{"taxonomy":"product_cat","embeddable":true,"href":"https:\/\/kasima3.bcapps.lt\/lv\/wp-json\/wp\/v2\/product_cat?post=53565"},{"taxonomy":"product_tag","embeddable":true,"href":"https:\/\/kasima3.bcapps.lt\/lv\/wp-json\/wp\/v2\/product_tag?post=53565"}],"curies":[{"name":"wp","href":"https:\/\/api.w.org\/{rel}","templated":true}]}}